{"id":83,"date":"2022-01-06T10:58:47","date_gmt":"2022-01-06T09:58:47","guid":{"rendered":"https:\/\/ligueauraroller.fr\/CPE\/?page_id=83"},"modified":"2025-01-13T10:36:19","modified_gmt":"2025-01-13T09:36:19","slug":"formulaire-dinscription","status":"publish","type":"page","link":"https:\/\/ligueauraroller.fr\/CPE\/formulaire-dinscription\/","title":{"rendered":"Pour candidater \u00e0 la prochaine promotion"},"content":{"rendered":"\n<p><\/p>\n\n\n<div class=\"wp-block-image\">\n<figure class=\"aligncenter size-large is-resized\"><img loading=\"lazy\" decoding=\"async\" width=\"1024\" height=\"1024\" src=\"https:\/\/ligueauraroller.fr\/CPE\/wp-content\/uploads\/2023\/11\/cropped-logo-blanc-crep-002-1-1024x1024.png\" alt=\"CREP AuRA Roller Hockey\" class=\"wp-image-1341\" style=\"width:281px;height:auto\" srcset=\"https:\/\/ligueauraroller.fr\/CPE\/wp-content\/uploads\/2023\/11\/cropped-logo-blanc-crep-002-1-1024x1024.png 1024w, https:\/\/ligueauraroller.fr\/CPE\/wp-content\/uploads\/2023\/11\/cropped-logo-blanc-crep-002-1-300x300.png 300w, https:\/\/ligueauraroller.fr\/CPE\/wp-content\/uploads\/2023\/11\/cropped-logo-blanc-crep-002-1-150x150.png 150w, https:\/\/ligueauraroller.fr\/CPE\/wp-content\/uploads\/2023\/11\/cropped-logo-blanc-crep-002-1-768x768.png 768w, https:\/\/ligueauraroller.fr\/CPE\/wp-content\/uploads\/2023\/11\/cropped-logo-blanc-crep-002-1-1536x1536.png 1536w, https:\/\/ligueauraroller.fr\/CPE\/wp-content\/uploads\/2023\/11\/cropped-logo-blanc-crep-002-1-1200x1200.png 1200w, https:\/\/ligueauraroller.fr\/CPE\/wp-content\/uploads\/2023\/11\/cropped-logo-blanc-crep-002-1-1980x1980.png 1980w, https:\/\/ligueauraroller.fr\/CPE\/wp-content\/uploads\/2023\/11\/cropped-logo-blanc-crep-002-1.png 1998w\" sizes=\"auto, (max-width: 1024px) 100vw, 1024px\" \/><\/figure>\n<\/div>\n\n\n<figure class=\"wp-block-pullquote\"><blockquote><p>Les d\u00e9p\u00f4ts de candidature \u00e0 la promotion 2025-2026 sont \u00e0 pr\u00e9sent ouverts.<br>La journ\u00e9e de tests d&rsquo;entr\u00e9e au CREP aura lieu le 15 mars 2025 \u00e0 Campus Tremplin Sport, \u00e0 Voiron.<br><br>Pour toute demande d&rsquo;information, vous pouvez contacter:<br><strong>CREP@ligueauraroller.fr<\/strong><\/p><\/blockquote><\/figure>\n\n\n<div class=\"wp-block-image is-resized\">\n<figure class=\"aligncenter size-full\"><img loading=\"lazy\" decoding=\"async\" width=\"1024\" height=\"768\" src=\"https:\/\/ligueauraroller.fr\/CPE\/wp-content\/uploads\/2022\/01\/IMG_4507.jpg\" alt=\"\" class=\"wp-image-341\" srcset=\"https:\/\/ligueauraroller.fr\/CPE\/wp-content\/uploads\/2022\/01\/IMG_4507.jpg 1024w, https:\/\/ligueauraroller.fr\/CPE\/wp-content\/uploads\/2022\/01\/IMG_4507-300x225.jpg 300w, https:\/\/ligueauraroller.fr\/CPE\/wp-content\/uploads\/2022\/01\/IMG_4507-768x576.jpg 768w\" sizes=\"auto, (max-width: 1024px) 100vw, 1024px\" \/><\/figure>\n<\/div>\n\n\n<p><\/p>\n\n\n\n<p>Pour consulter le flyer de pr\u00e9sentation du CREP:<\/p>\n\n\n\n<div data-wp-interactive=\"core\/file\" class=\"wp-block-file\"><object data-wp-bind--hidden=\"!state.hasPdfPreview\" hidden class=\"wp-block-file__embed\" data=\"https:\/\/ligueauraroller.fr\/CPE\/wp-content\/uploads\/2025\/01\/Flyerpoleespoir2025-2026.pdf\" type=\"application\/pdf\" style=\"width:100%;height:600px\" aria-label=\"Contenu embarqu\u00e9 Flyerpoleespoir2025-2026.\"><\/object><a id=\"wp-block-file--media-b729b8d7-391f-4f70-abfb-91853e6a18e7\" href=\"https:\/\/ligueauraroller.fr\/CPE\/wp-content\/uploads\/2025\/01\/Flyerpoleespoir2025-2026.pdf\">Flyerpoleespoir2025-2026<\/a><a href=\"https:\/\/ligueauraroller.fr\/CPE\/wp-content\/uploads\/2025\/01\/Flyerpoleespoir2025-2026.pdf\" class=\"wp-block-file__button wp-element-button\" download aria-describedby=\"wp-block-file--media-b729b8d7-391f-4f70-abfb-91853e6a18e7\">T\u00e9l\u00e9charger<\/a><\/div>\n\n\n\n<p><\/p>\n\n\n\n<figure class=\"wp-block-gallery aligncenter has-nested-images columns-default is-cropped wp-block-gallery-1 is-layout-flex wp-block-gallery-is-layout-flex\">\n<figure class=\"wp-block-image size-full\"><img loading=\"lazy\" decoding=\"async\" width=\"682\" height=\"305\" data-id=\"448\" src=\"https:\/\/ligueauraroller.fr\/CPE\/wp-content\/uploads\/2022\/02\/logos-partenaires-officiels-2.png\" alt=\"\" class=\"wp-image-448\" srcset=\"https:\/\/ligueauraroller.fr\/CPE\/wp-content\/uploads\/2022\/02\/logos-partenaires-officiels-2.png 682w, https:\/\/ligueauraroller.fr\/CPE\/wp-content\/uploads\/2022\/02\/logos-partenaires-officiels-2-300x134.png 300w\" sizes=\"auto, (max-width: 682px) 100vw, 682px\" \/><\/figure>\n\n\n\n<figure class=\"wp-block-image size-full\"><img loading=\"lazy\" decoding=\"async\" width=\"502\" height=\"240\" data-id=\"1422\" src=\"https:\/\/ligueauraroller.fr\/CPE\/wp-content\/uploads\/2024\/02\/PPF-logo.jpg\" alt=\"\" class=\"wp-image-1422\" srcset=\"https:\/\/ligueauraroller.fr\/CPE\/wp-content\/uploads\/2024\/02\/PPF-logo.jpg 502w, https:\/\/ligueauraroller.fr\/CPE\/wp-content\/uploads\/2024\/02\/PPF-logo-300x143.jpg 300w\" sizes=\"auto, (max-width: 502px) 100vw, 502px\" \/><\/figure>\n<\/figure>\n","protected":false},"excerpt":{"rendered":"<p>Les d\u00e9p\u00f4ts de candidature \u00e0 la promotion 2025-2026 sont \u00e0 pr\u00e9sent ouverts.La journ\u00e9e de tests d&rsquo;entr\u00e9e au CREP aura lieu le 15 mars 2025 \u00e0 Campus Tremplin Sport, \u00e0 Voiron. Pour toute demande d&rsquo;information, vous pouvez contacter:CREP@ligueauraroller.fr Pour consulter le flyer de pr\u00e9sentation du CREP:<\/p>\n","protected":false},"author":1,"featured_media":0,"parent":0,"menu_order":0,"comment_status":"closed","ping_status":"closed","template":"templates\/template-full-width.php","meta":{"footnotes":""},"class_list":["post-83","page","type-page","status-publish","hentry"],"_links":{"self":[{"href":"https:\/\/ligueauraroller.fr\/CPE\/wp-json\/wp\/v2\/pages\/83","targetHints":{"allow":["GET"]}}],"collection":[{"href":"https:\/\/ligueauraroller.fr\/CPE\/wp-json\/wp\/v2\/pages"}],"about":[{"href":"https:\/\/ligueauraroller.fr\/CPE\/wp-json\/wp\/v2\/types\/page"}],"author":[{"embeddable":true,"href":"https:\/\/ligueauraroller.fr\/CPE\/wp-json\/wp\/v2\/users\/1"}],"replies":[{"embeddable":true,"href":"https:\/\/ligueauraroller.fr\/CPE\/wp-json\/wp\/v2\/comments?post=83"}],"version-history":[{"count":46,"href":"https:\/\/ligueauraroller.fr\/CPE\/wp-json\/wp\/v2\/pages\/83\/revisions"}],"predecessor-version":[{"id":1514,"href":"https:\/\/ligueauraroller.fr\/CPE\/wp-json\/wp\/v2\/pages\/83\/revisions\/1514"}],"wp:attachment":[{"href":"https:\/\/ligueauraroller.fr\/CPE\/wp-json\/wp\/v2\/media?parent=83"}],"curies":[{"name":"wp","href":"https:\/\/api.w.org\/{rel}","templated":true}]}}