{"id":1480,"date":"2025-01-04T17:38:58","date_gmt":"2025-01-04T16:38:58","guid":{"rendered":"https:\/\/ligueauraroller.fr\/CPE\/?page_id=1480"},"modified":"2025-01-15T12:29:15","modified_gmt":"2025-01-15T11:29:15","slug":"la-promotion-2024-2025","status":"publish","type":"page","link":"https:\/\/ligueauraroller.fr\/CPE\/la-promotion-2024-2025\/","title":{"rendered":"La promotion 2024-2025"},"content":{"rendered":"\n<p class=\"has-text-align-center\"><strong>15 joueurs et 4 gardiens de but<\/strong><\/p>\n\n\n<div class=\"wp-block-image\">\n<figure class=\"aligncenter size-large is-resized\"><img loading=\"lazy\" decoding=\"async\" width=\"1024\" height=\"1024\" src=\"https:\/\/ligueauraroller.fr\/CPE\/wp-content\/uploads\/2023\/11\/cropped-logo-blanc-crep-002-1-1024x1024.png\" alt=\"CREP AuRA Roller Hockey\" class=\"wp-image-1341\" style=\"width:311px;height:auto\" srcset=\"https:\/\/ligueauraroller.fr\/CPE\/wp-content\/uploads\/2023\/11\/cropped-logo-blanc-crep-002-1-1024x1024.png 1024w, https:\/\/ligueauraroller.fr\/CPE\/wp-content\/uploads\/2023\/11\/cropped-logo-blanc-crep-002-1-300x300.png 300w, https:\/\/ligueauraroller.fr\/CPE\/wp-content\/uploads\/2023\/11\/cropped-logo-blanc-crep-002-1-150x150.png 150w, https:\/\/ligueauraroller.fr\/CPE\/wp-content\/uploads\/2023\/11\/cropped-logo-blanc-crep-002-1-768x768.png 768w, https:\/\/ligueauraroller.fr\/CPE\/wp-content\/uploads\/2023\/11\/cropped-logo-blanc-crep-002-1-1536x1536.png 1536w, https:\/\/ligueauraroller.fr\/CPE\/wp-content\/uploads\/2023\/11\/cropped-logo-blanc-crep-002-1-1200x1200.png 1200w, https:\/\/ligueauraroller.fr\/CPE\/wp-content\/uploads\/2023\/11\/cropped-logo-blanc-crep-002-1-1980x1980.png 1980w, https:\/\/ligueauraroller.fr\/CPE\/wp-content\/uploads\/2023\/11\/cropped-logo-blanc-crep-002-1.png 1998w\" sizes=\"auto, (max-width: 1024px) 100vw, 1024px\" \/><figcaption class=\"wp-element-caption\">CREP AuRA Roller Hockey 2023-2024<\/figcaption><\/figure>\n<\/div>\n\n\n<p><\/p>\n\n\n\n<p>Sept nouveaux athl\u00e8tes ont rejoint le collectif du CREP pour la saison 2024-2025 \u00e0 la suite des tests d&rsquo;entr\u00e9e.<\/p>\n\n\n\n<p><\/p>\n\n\n\n<p><strong>Pr\u00e9sentation du collectif 2024-2025 du CREP.<\/strong><\/p>\n\n\n\n<div class=\"wp-block-columns is-layout-flex wp-container-core-columns-is-layout-9d6595d7 wp-block-columns-is-layout-flex\">\n<div class=\"wp-block-column is-layout-flow wp-block-column-is-layout-flow\" style=\"flex-basis:100%\">\n<figure class=\"wp-block-gallery has-nested-images columns-default is-cropped wp-block-gallery-1 is-layout-flex wp-block-gallery-is-layout-flex\">\n<figure class=\"wp-block-image size-large\"><img loading=\"lazy\" decoding=\"async\" width=\"682\" height=\"1024\" data-id=\"1500\" src=\"https:\/\/ligueauraroller.fr\/CPE\/wp-content\/uploads\/2025\/01\/PAG8290-682x1024.jpg\" alt=\"\" class=\"wp-image-1500\" srcset=\"https:\/\/ligueauraroller.fr\/CPE\/wp-content\/uploads\/2025\/01\/PAG8290-682x1024.jpg 682w, https:\/\/ligueauraroller.fr\/CPE\/wp-content\/uploads\/2025\/01\/PAG8290-200x300.jpg 200w, https:\/\/ligueauraroller.fr\/CPE\/wp-content\/uploads\/2025\/01\/PAG8290-768x1153.jpg 768w, https:\/\/ligueauraroller.fr\/CPE\/wp-content\/uploads\/2025\/01\/PAG8290-1023x1536.jpg 1023w, https:\/\/ligueauraroller.fr\/CPE\/wp-content\/uploads\/2025\/01\/PAG8290.jpg 1082w\" sizes=\"auto, (max-width: 682px) 100vw, 682px\" \/><figcaption class=\"wp-element-caption\">Gustavo Rampon<\/figcaption><\/figure>\n\n\n\n<figure class=\"wp-block-image size-large\"><img loading=\"lazy\" decoding=\"async\" width=\"681\" height=\"1024\" data-id=\"1499\" src=\"https:\/\/ligueauraroller.fr\/CPE\/wp-content\/uploads\/2025\/01\/PAG8282-681x1024.jpg\" alt=\"\" class=\"wp-image-1499\" srcset=\"https:\/\/ligueauraroller.fr\/CPE\/wp-content\/uploads\/2025\/01\/PAG8282-681x1024.jpg 681w, https:\/\/ligueauraroller.fr\/CPE\/wp-content\/uploads\/2025\/01\/PAG8282-200x300.jpg 200w, https:\/\/ligueauraroller.fr\/CPE\/wp-content\/uploads\/2025\/01\/PAG8282-768x1154.jpg 768w, https:\/\/ligueauraroller.fr\/CPE\/wp-content\/uploads\/2025\/01\/PAG8282-1022x1536.jpg 1022w, https:\/\/ligueauraroller.fr\/CPE\/wp-content\/uploads\/2025\/01\/PAG8282-1363x2048.jpg 1363w, https:\/\/ligueauraroller.fr\/CPE\/wp-content\/uploads\/2025\/01\/PAG8282-1200x1803.jpg 1200w, https:\/\/ligueauraroller.fr\/CPE\/wp-content\/uploads\/2025\/01\/PAG8282.jpg 1470w\" sizes=\"auto, (max-width: 681px) 100vw, 681px\" \/><figcaption class=\"wp-element-caption\">Antonin Faurite<\/figcaption><\/figure>\n\n\n\n<figure class=\"wp-block-image size-large\"><img loading=\"lazy\" decoding=\"async\" width=\"682\" height=\"1024\" data-id=\"1498\" src=\"https:\/\/ligueauraroller.fr\/CPE\/wp-content\/uploads\/2025\/01\/PAG8276-682x1024.jpg\" alt=\"\" class=\"wp-image-1498\" srcset=\"https:\/\/ligueauraroller.fr\/CPE\/wp-content\/uploads\/2025\/01\/PAG8276-682x1024.jpg 682w, https:\/\/ligueauraroller.fr\/CPE\/wp-content\/uploads\/2025\/01\/PAG8276-200x300.jpg 200w, https:\/\/ligueauraroller.fr\/CPE\/wp-content\/uploads\/2025\/01\/PAG8276-768x1154.jpg 768w, https:\/\/ligueauraroller.fr\/CPE\/wp-content\/uploads\/2025\/01\/PAG8276-1023x1536.jpg 1023w, https:\/\/ligueauraroller.fr\/CPE\/wp-content\/uploads\/2025\/01\/PAG8276.jpg 1191w\" sizes=\"auto, (max-width: 682px) 100vw, 682px\" \/><figcaption class=\"wp-element-caption\">Melvy Duriaux<\/figcaption><\/figure>\n<\/figure>\n<\/div>\n<\/div>\n\n\n\n<figure class=\"wp-block-gallery has-nested-images columns-default is-cropped wp-block-gallery-2 is-layout-flex wp-block-gallery-is-layout-flex\">\n<figure class=\"wp-block-image size-large\"><img loading=\"lazy\" decoding=\"async\" width=\"682\" height=\"1024\" data-id=\"1497\" src=\"https:\/\/ligueauraroller.fr\/CPE\/wp-content\/uploads\/2025\/01\/PAG8269-Modifier-682x1024.jpg\" alt=\"\" class=\"wp-image-1497\" srcset=\"https:\/\/ligueauraroller.fr\/CPE\/wp-content\/uploads\/2025\/01\/PAG8269-Modifier-682x1024.jpg 682w, https:\/\/ligueauraroller.fr\/CPE\/wp-content\/uploads\/2025\/01\/PAG8269-Modifier-200x300.jpg 200w, https:\/\/ligueauraroller.fr\/CPE\/wp-content\/uploads\/2025\/01\/PAG8269-Modifier-768x1154.jpg 768w, https:\/\/ligueauraroller.fr\/CPE\/wp-content\/uploads\/2025\/01\/PAG8269-Modifier-1022x1536.jpg 1022w, https:\/\/ligueauraroller.fr\/CPE\/wp-content\/uploads\/2025\/01\/PAG8269-Modifier-1200x1803.jpg 1200w, https:\/\/ligueauraroller.fr\/CPE\/wp-content\/uploads\/2025\/01\/PAG8269-Modifier.jpg 1296w\" sizes=\"auto, (max-width: 682px) 100vw, 682px\" \/><figcaption class=\"wp-element-caption\">Lazare Manteau<\/figcaption><\/figure>\n\n\n\n<figure class=\"wp-block-image size-large\"><img loading=\"lazy\" decoding=\"async\" width=\"681\" height=\"1024\" data-id=\"1496\" src=\"https:\/\/ligueauraroller.fr\/CPE\/wp-content\/uploads\/2025\/01\/PAG8263-Modifier-681x1024.jpg\" alt=\"\" class=\"wp-image-1496\" srcset=\"https:\/\/ligueauraroller.fr\/CPE\/wp-content\/uploads\/2025\/01\/PAG8263-Modifier-681x1024.jpg 681w, https:\/\/ligueauraroller.fr\/CPE\/wp-content\/uploads\/2025\/01\/PAG8263-Modifier-200x300.jpg 200w, https:\/\/ligueauraroller.fr\/CPE\/wp-content\/uploads\/2025\/01\/PAG8263-Modifier-768x1154.jpg 768w, https:\/\/ligueauraroller.fr\/CPE\/wp-content\/uploads\/2025\/01\/PAG8263-Modifier-1022x1536.jpg 1022w, https:\/\/ligueauraroller.fr\/CPE\/wp-content\/uploads\/2025\/01\/PAG8263-Modifier.jpg 1142w\" sizes=\"auto, (max-width: 681px) 100vw, 681px\" \/><figcaption class=\"wp-element-caption\">Lubin Constant<\/figcaption><\/figure>\n\n\n\n<figure class=\"wp-block-image size-large\"><img loading=\"lazy\" decoding=\"async\" width=\"682\" height=\"1024\" data-id=\"1492\" src=\"https:\/\/ligueauraroller.fr\/CPE\/wp-content\/uploads\/2025\/01\/PAG8236-Modifier-682x1024.jpg\" alt=\"\" class=\"wp-image-1492\" srcset=\"https:\/\/ligueauraroller.fr\/CPE\/wp-content\/uploads\/2025\/01\/PAG8236-Modifier-682x1024.jpg 682w, https:\/\/ligueauraroller.fr\/CPE\/wp-content\/uploads\/2025\/01\/PAG8236-Modifier-200x300.jpg 200w, https:\/\/ligueauraroller.fr\/CPE\/wp-content\/uploads\/2025\/01\/PAG8236-Modifier-768x1153.jpg 768w, https:\/\/ligueauraroller.fr\/CPE\/wp-content\/uploads\/2025\/01\/PAG8236-Modifier-1023x1536.jpg 1023w, https:\/\/ligueauraroller.fr\/CPE\/wp-content\/uploads\/2025\/01\/PAG8236-Modifier-1200x1802.jpg 1200w, https:\/\/ligueauraroller.fr\/CPE\/wp-content\/uploads\/2025\/01\/PAG8236-Modifier.jpg 1287w\" sizes=\"auto, (max-width: 682px) 100vw, 682px\" \/><figcaption class=\"wp-element-caption\">Pierre Mettier<\/figcaption><\/figure>\n<\/figure>\n\n\n\n<figure class=\"wp-block-gallery has-nested-images columns-default is-cropped wp-block-gallery-3 is-layout-flex wp-block-gallery-is-layout-flex\">\n<figure class=\"wp-block-image size-large\"><img loading=\"lazy\" decoding=\"async\" width=\"682\" height=\"1024\" data-id=\"1491\" src=\"https:\/\/ligueauraroller.fr\/CPE\/wp-content\/uploads\/2025\/01\/PAG8231-682x1024.jpg\" alt=\"\" class=\"wp-image-1491\" srcset=\"https:\/\/ligueauraroller.fr\/CPE\/wp-content\/uploads\/2025\/01\/PAG8231-682x1024.jpg 682w, https:\/\/ligueauraroller.fr\/CPE\/wp-content\/uploads\/2025\/01\/PAG8231-200x300.jpg 200w, https:\/\/ligueauraroller.fr\/CPE\/wp-content\/uploads\/2025\/01\/PAG8231-768x1154.jpg 768w, https:\/\/ligueauraroller.fr\/CPE\/wp-content\/uploads\/2025\/01\/PAG8231-1022x1536.jpg 1022w, https:\/\/ligueauraroller.fr\/CPE\/wp-content\/uploads\/2025\/01\/PAG8231-1200x1803.jpg 1200w, https:\/\/ligueauraroller.fr\/CPE\/wp-content\/uploads\/2025\/01\/PAG8231.jpg 1356w\" sizes=\"auto, (max-width: 682px) 100vw, 682px\" \/><figcaption class=\"wp-element-caption\">Milo Collongues<\/figcaption><\/figure>\n\n\n\n<figure class=\"wp-block-image size-large\"><img loading=\"lazy\" decoding=\"async\" width=\"681\" height=\"1024\" data-id=\"1490\" src=\"https:\/\/ligueauraroller.fr\/CPE\/wp-content\/uploads\/2025\/01\/PAG8225-681x1024.jpg\" alt=\"\" class=\"wp-image-1490\" srcset=\"https:\/\/ligueauraroller.fr\/CPE\/wp-content\/uploads\/2025\/01\/PAG8225-681x1024.jpg 681w, https:\/\/ligueauraroller.fr\/CPE\/wp-content\/uploads\/2025\/01\/PAG8225-200x300.jpg 200w, https:\/\/ligueauraroller.fr\/CPE\/wp-content\/uploads\/2025\/01\/PAG8225-768x1154.jpg 768w, https:\/\/ligueauraroller.fr\/CPE\/wp-content\/uploads\/2025\/01\/PAG8225-1022x1536.jpg 1022w, https:\/\/ligueauraroller.fr\/CPE\/wp-content\/uploads\/2025\/01\/PAG8225-1363x2048.jpg 1363w, https:\/\/ligueauraroller.fr\/CPE\/wp-content\/uploads\/2025\/01\/PAG8225-1200x1803.jpg 1200w, https:\/\/ligueauraroller.fr\/CPE\/wp-content\/uploads\/2025\/01\/PAG8225.jpg 1436w\" sizes=\"auto, (max-width: 681px) 100vw, 681px\" \/><figcaption class=\"wp-element-caption\">Andy Gangnery<\/figcaption><\/figure>\n\n\n\n<figure class=\"wp-block-image size-large\"><img loading=\"lazy\" decoding=\"async\" width=\"682\" height=\"1024\" data-id=\"1489\" src=\"https:\/\/ligueauraroller.fr\/CPE\/wp-content\/uploads\/2025\/01\/PAG8219-682x1024.jpg\" alt=\"\" class=\"wp-image-1489\" srcset=\"https:\/\/ligueauraroller.fr\/CPE\/wp-content\/uploads\/2025\/01\/PAG8219-682x1024.jpg 682w, https:\/\/ligueauraroller.fr\/CPE\/wp-content\/uploads\/2025\/01\/PAG8219-200x300.jpg 200w, https:\/\/ligueauraroller.fr\/CPE\/wp-content\/uploads\/2025\/01\/PAG8219-768x1154.jpg 768w, https:\/\/ligueauraroller.fr\/CPE\/wp-content\/uploads\/2025\/01\/PAG8219-1022x1536.jpg 1022w, https:\/\/ligueauraroller.fr\/CPE\/wp-content\/uploads\/2025\/01\/PAG8219-1200x1803.jpg 1200w, https:\/\/ligueauraroller.fr\/CPE\/wp-content\/uploads\/2025\/01\/PAG8219.jpg 1268w\" sizes=\"auto, (max-width: 682px) 100vw, 682px\" \/><figcaption class=\"wp-element-caption\">Maxence Mauchand<\/figcaption><\/figure>\n<\/figure>\n\n\n\n<figure class=\"wp-block-gallery has-nested-images columns-default is-cropped wp-block-gallery-4 is-layout-flex wp-block-gallery-is-layout-flex\">\n<figure class=\"wp-block-image size-large\"><img loading=\"lazy\" decoding=\"async\" width=\"681\" height=\"1024\" data-id=\"1488\" src=\"https:\/\/ligueauraroller.fr\/CPE\/wp-content\/uploads\/2025\/01\/PAG8214-681x1024.jpg\" alt=\"\" class=\"wp-image-1488\" srcset=\"https:\/\/ligueauraroller.fr\/CPE\/wp-content\/uploads\/2025\/01\/PAG8214-681x1024.jpg 681w, https:\/\/ligueauraroller.fr\/CPE\/wp-content\/uploads\/2025\/01\/PAG8214-200x300.jpg 200w, https:\/\/ligueauraroller.fr\/CPE\/wp-content\/uploads\/2025\/01\/PAG8214-768x1154.jpg 768w, https:\/\/ligueauraroller.fr\/CPE\/wp-content\/uploads\/2025\/01\/PAG8214-1022x1536.jpg 1022w, https:\/\/ligueauraroller.fr\/CPE\/wp-content\/uploads\/2025\/01\/PAG8214.jpg 1154w\" sizes=\"auto, (max-width: 681px) 100vw, 681px\" \/><figcaption class=\"wp-element-caption\">Pablo Roblin Zumpe<\/figcaption><\/figure>\n\n\n\n<figure class=\"wp-block-image size-large\"><img loading=\"lazy\" decoding=\"async\" width=\"681\" height=\"1024\" data-id=\"1487\" src=\"https:\/\/ligueauraroller.fr\/CPE\/wp-content\/uploads\/2025\/01\/PAG8210-681x1024.jpg\" alt=\"\" class=\"wp-image-1487\" srcset=\"https:\/\/ligueauraroller.fr\/CPE\/wp-content\/uploads\/2025\/01\/PAG8210-681x1024.jpg 681w, https:\/\/ligueauraroller.fr\/CPE\/wp-content\/uploads\/2025\/01\/PAG8210-200x300.jpg 200w, https:\/\/ligueauraroller.fr\/CPE\/wp-content\/uploads\/2025\/01\/PAG8210-768x1154.jpg 768w, https:\/\/ligueauraroller.fr\/CPE\/wp-content\/uploads\/2025\/01\/PAG8210-1022x1536.jpg 1022w, https:\/\/ligueauraroller.fr\/CPE\/wp-content\/uploads\/2025\/01\/PAG8210-1200x1804.jpg 1200w, https:\/\/ligueauraroller.fr\/CPE\/wp-content\/uploads\/2025\/01\/PAG8210.jpg 1334w\" sizes=\"auto, (max-width: 681px) 100vw, 681px\" \/><figcaption class=\"wp-element-caption\">Sarah Vaulot<\/figcaption><\/figure>\n\n\n\n<figure class=\"wp-block-image size-large\"><img loading=\"lazy\" decoding=\"async\" width=\"681\" height=\"1024\" data-id=\"1486\" src=\"https:\/\/ligueauraroller.fr\/CPE\/wp-content\/uploads\/2025\/01\/PAG8207-681x1024.jpg\" alt=\"\" class=\"wp-image-1486\" srcset=\"https:\/\/ligueauraroller.fr\/CPE\/wp-content\/uploads\/2025\/01\/PAG8207-681x1024.jpg 681w, https:\/\/ligueauraroller.fr\/CPE\/wp-content\/uploads\/2025\/01\/PAG8207-200x300.jpg 200w, https:\/\/ligueauraroller.fr\/CPE\/wp-content\/uploads\/2025\/01\/PAG8207-768x1154.jpg 768w, https:\/\/ligueauraroller.fr\/CPE\/wp-content\/uploads\/2025\/01\/PAG8207-1022x1536.jpg 1022w, https:\/\/ligueauraroller.fr\/CPE\/wp-content\/uploads\/2025\/01\/PAG8207-1200x1804.jpg 1200w, https:\/\/ligueauraroller.fr\/CPE\/wp-content\/uploads\/2025\/01\/PAG8207.jpg 1360w\" sizes=\"auto, (max-width: 681px) 100vw, 681px\" \/><figcaption class=\"wp-element-caption\">Antonin Luyton<\/figcaption><\/figure>\n<\/figure>\n\n\n\n<figure class=\"wp-block-gallery has-nested-images columns-default is-cropped wp-block-gallery-5 is-layout-flex wp-block-gallery-is-layout-flex\">\n<figure class=\"wp-block-image size-large\"><img loading=\"lazy\" decoding=\"async\" width=\"682\" height=\"1024\" data-id=\"1484\" src=\"https:\/\/ligueauraroller.fr\/CPE\/wp-content\/uploads\/2025\/01\/PAG8199-682x1024.jpg\" alt=\"\" class=\"wp-image-1484\" srcset=\"https:\/\/ligueauraroller.fr\/CPE\/wp-content\/uploads\/2025\/01\/PAG8199-682x1024.jpg 682w, https:\/\/ligueauraroller.fr\/CPE\/wp-content\/uploads\/2025\/01\/PAG8199-200x300.jpg 200w, https:\/\/ligueauraroller.fr\/CPE\/wp-content\/uploads\/2025\/01\/PAG8199-768x1154.jpg 768w, https:\/\/ligueauraroller.fr\/CPE\/wp-content\/uploads\/2025\/01\/PAG8199-1022x1536.jpg 1022w, https:\/\/ligueauraroller.fr\/CPE\/wp-content\/uploads\/2025\/01\/PAG8199.jpg 1053w\" sizes=\"auto, (max-width: 682px) 100vw, 682px\" \/><figcaption class=\"wp-element-caption\">Gaetan Galves<\/figcaption><\/figure>\n\n\n\n<figure class=\"wp-block-image size-large\"><img loading=\"lazy\" decoding=\"async\" width=\"682\" height=\"1024\" data-id=\"1483\" src=\"https:\/\/ligueauraroller.fr\/CPE\/wp-content\/uploads\/2025\/01\/PAG8194-682x1024.jpg\" alt=\"\" class=\"wp-image-1483\" srcset=\"https:\/\/ligueauraroller.fr\/CPE\/wp-content\/uploads\/2025\/01\/PAG8194-682x1024.jpg 682w, https:\/\/ligueauraroller.fr\/CPE\/wp-content\/uploads\/2025\/01\/PAG8194-200x300.jpg 200w, https:\/\/ligueauraroller.fr\/CPE\/wp-content\/uploads\/2025\/01\/PAG8194-768x1153.jpg 768w, https:\/\/ligueauraroller.fr\/CPE\/wp-content\/uploads\/2025\/01\/PAG8194-1023x1536.jpg 1023w, https:\/\/ligueauraroller.fr\/CPE\/wp-content\/uploads\/2025\/01\/PAG8194.jpg 1054w\" sizes=\"auto, (max-width: 682px) 100vw, 682px\" \/><figcaption class=\"wp-element-caption\">Milan Charlet<\/figcaption><\/figure>\n\n\n\n<figure class=\"wp-block-image size-large\"><img loading=\"lazy\" decoding=\"async\" width=\"682\" height=\"1024\" data-id=\"1482\" src=\"https:\/\/ligueauraroller.fr\/CPE\/wp-content\/uploads\/2025\/01\/PAG8192-682x1024.jpg\" alt=\"\" class=\"wp-image-1482\" srcset=\"https:\/\/ligueauraroller.fr\/CPE\/wp-content\/uploads\/2025\/01\/PAG8192-682x1024.jpg 682w, https:\/\/ligueauraroller.fr\/CPE\/wp-content\/uploads\/2025\/01\/PAG8192-200x300.jpg 200w, https:\/\/ligueauraroller.fr\/CPE\/wp-content\/uploads\/2025\/01\/PAG8192-768x1154.jpg 768w, https:\/\/ligueauraroller.fr\/CPE\/wp-content\/uploads\/2025\/01\/PAG8192-1022x1536.jpg 1022w, https:\/\/ligueauraroller.fr\/CPE\/wp-content\/uploads\/2025\/01\/PAG8192.jpg 1131w\" sizes=\"auto, (max-width: 682px) 100vw, 682px\" \/><figcaption class=\"wp-element-caption\">Luca De La Cheze<\/figcaption><\/figure>\n<\/figure>\n\n\n\n<figure class=\"wp-block-gallery has-nested-images columns-default is-cropped wp-block-gallery-6 is-layout-flex wp-block-gallery-is-layout-flex\">\n<figure class=\"wp-block-image size-large\"><img loading=\"lazy\" decoding=\"async\" width=\"682\" height=\"1024\" data-id=\"1495\" src=\"https:\/\/ligueauraroller.fr\/CPE\/wp-content\/uploads\/2025\/01\/PAG8255-682x1024.jpg\" alt=\"\" class=\"wp-image-1495\" srcset=\"https:\/\/ligueauraroller.fr\/CPE\/wp-content\/uploads\/2025\/01\/PAG8255-682x1024.jpg 682w, https:\/\/ligueauraroller.fr\/CPE\/wp-content\/uploads\/2025\/01\/PAG8255-200x300.jpg 200w, https:\/\/ligueauraroller.fr\/CPE\/wp-content\/uploads\/2025\/01\/PAG8255-768x1153.jpg 768w, https:\/\/ligueauraroller.fr\/CPE\/wp-content\/uploads\/2025\/01\/PAG8255-1023x1536.jpg 1023w, https:\/\/ligueauraroller.fr\/CPE\/wp-content\/uploads\/2025\/01\/PAG8255.jpg 1044w\" sizes=\"auto, (max-width: 682px) 100vw, 682px\" \/><figcaption class=\"wp-element-caption\">Martin Bernard<\/figcaption><\/figure>\n\n\n\n<figure class=\"wp-block-image size-large\"><img loading=\"lazy\" decoding=\"async\" width=\"681\" height=\"1024\" data-id=\"1493\" src=\"https:\/\/ligueauraroller.fr\/CPE\/wp-content\/uploads\/2025\/01\/PAG8243-681x1024.jpg\" alt=\"\" class=\"wp-image-1493\" srcset=\"https:\/\/ligueauraroller.fr\/CPE\/wp-content\/uploads\/2025\/01\/PAG8243-681x1024.jpg 681w, https:\/\/ligueauraroller.fr\/CPE\/wp-content\/uploads\/2025\/01\/PAG8243-200x300.jpg 200w, https:\/\/ligueauraroller.fr\/CPE\/wp-content\/uploads\/2025\/01\/PAG8243-768x1154.jpg 768w, https:\/\/ligueauraroller.fr\/CPE\/wp-content\/uploads\/2025\/01\/PAG8243-1022x1536.jpg 1022w, https:\/\/ligueauraroller.fr\/CPE\/wp-content\/uploads\/2025\/01\/PAG8243-1200x1803.jpg 1200w, https:\/\/ligueauraroller.fr\/CPE\/wp-content\/uploads\/2025\/01\/PAG8243.jpg 1277w\" sizes=\"auto, (max-width: 681px) 100vw, 681px\" \/><figcaption class=\"wp-element-caption\">Milie Aplin<\/figcaption><\/figure>\n\n\n\n<figure class=\"wp-block-image size-large\"><img loading=\"lazy\" decoding=\"async\" width=\"682\" height=\"1024\" data-id=\"1494\" src=\"https:\/\/ligueauraroller.fr\/CPE\/wp-content\/uploads\/2025\/01\/PAG8248-682x1024.jpg\" alt=\"\" class=\"wp-image-1494\" srcset=\"https:\/\/ligueauraroller.fr\/CPE\/wp-content\/uploads\/2025\/01\/PAG8248-682x1024.jpg 682w, https:\/\/ligueauraroller.fr\/CPE\/wp-content\/uploads\/2025\/01\/PAG8248-200x300.jpg 200w, https:\/\/ligueauraroller.fr\/CPE\/wp-content\/uploads\/2025\/01\/PAG8248-768x1154.jpg 768w, https:\/\/ligueauraroller.fr\/CPE\/wp-content\/uploads\/2025\/01\/PAG8248-1022x1536.jpg 1022w, https:\/\/ligueauraroller.fr\/CPE\/wp-content\/uploads\/2025\/01\/PAG8248-1363x2048.jpg 1363w, https:\/\/ligueauraroller.fr\/CPE\/wp-content\/uploads\/2025\/01\/PAG8248-1200x1803.jpg 1200w, https:\/\/ligueauraroller.fr\/CPE\/wp-content\/uploads\/2025\/01\/PAG8248.jpg 1427w\" sizes=\"auto, (max-width: 682px) 100vw, 682px\" \/><figcaption class=\"wp-element-caption\">Yaelle Moreau<\/figcaption><\/figure>\n<\/figure>\n\n\n\n<figure class=\"wp-block-gallery has-nested-images columns-default is-cropped wp-block-gallery-8 is-layout-flex wp-block-gallery-is-layout-flex\">\n<figure class=\"wp-block-image size-large\"><img loading=\"lazy\" decoding=\"async\" width=\"682\" height=\"1024\" data-id=\"1485\" src=\"https:\/\/ligueauraroller.fr\/CPE\/wp-content\/uploads\/2025\/01\/PAG8203-682x1024.jpg\" alt=\"\" class=\"wp-image-1485\" srcset=\"https:\/\/ligueauraroller.fr\/CPE\/wp-content\/uploads\/2025\/01\/PAG8203-682x1024.jpg 682w, https:\/\/ligueauraroller.fr\/CPE\/wp-content\/uploads\/2025\/01\/PAG8203-200x300.jpg 200w, https:\/\/ligueauraroller.fr\/CPE\/wp-content\/uploads\/2025\/01\/PAG8203-768x1154.jpg 768w, https:\/\/ligueauraroller.fr\/CPE\/wp-content\/uploads\/2025\/01\/PAG8203-1023x1536.jpg 1023w, https:\/\/ligueauraroller.fr\/CPE\/wp-content\/uploads\/2025\/01\/PAG8203-1364x2048.jpg 1364w, https:\/\/ligueauraroller.fr\/CPE\/wp-content\/uploads\/2025\/01\/PAG8203-1200x1802.jpg 1200w, https:\/\/ligueauraroller.fr\/CPE\/wp-content\/uploads\/2025\/01\/PAG8203.jpg 1534w\" sizes=\"auto, (max-width: 682px) 100vw, 682px\" \/><figcaption class=\"wp-element-caption\">Evan Dufour<\/figcaption><\/figure>\n\n\n\n<figure class=\"wp-block-image size-large wp-duotone-unset-7\"><img loading=\"lazy\" decoding=\"async\" width=\"682\" height=\"1024\" data-id=\"1502\" src=\"https:\/\/ligueauraroller.fr\/CPE\/wp-content\/uploads\/2025\/01\/fond-blanc-galerie-crep-682x1024.png\" alt=\"\" class=\"wp-image-1502\" srcset=\"https:\/\/ligueauraroller.fr\/CPE\/wp-content\/uploads\/2025\/01\/fond-blanc-galerie-crep-682x1024.png 682w, https:\/\/ligueauraroller.fr\/CPE\/wp-content\/uploads\/2025\/01\/fond-blanc-galerie-crep-200x300.png 200w, https:\/\/ligueauraroller.fr\/CPE\/wp-content\/uploads\/2025\/01\/fond-blanc-galerie-crep-768x1154.png 768w, https:\/\/ligueauraroller.fr\/CPE\/wp-content\/uploads\/2025\/01\/fond-blanc-galerie-crep-1022x1536.png 1022w, https:\/\/ligueauraroller.fr\/CPE\/wp-content\/uploads\/2025\/01\/fond-blanc-galerie-crep.png 1131w\" sizes=\"auto, (max-width: 682px) 100vw, 682px\" \/><\/figure>\n\n\n\n<figure class=\"wp-block-image size-large\"><img loading=\"lazy\" decoding=\"async\" width=\"682\" height=\"1024\" data-id=\"1502\" src=\"https:\/\/ligueauraroller.fr\/CPE\/wp-content\/uploads\/2025\/01\/fond-blanc-galerie-crep-682x1024.png\" alt=\"\" class=\"wp-image-1502\" srcset=\"https:\/\/ligueauraroller.fr\/CPE\/wp-content\/uploads\/2025\/01\/fond-blanc-galerie-crep-682x1024.png 682w, https:\/\/ligueauraroller.fr\/CPE\/wp-content\/uploads\/2025\/01\/fond-blanc-galerie-crep-200x300.png 200w, https:\/\/ligueauraroller.fr\/CPE\/wp-content\/uploads\/2025\/01\/fond-blanc-galerie-crep-768x1154.png 768w, https:\/\/ligueauraroller.fr\/CPE\/wp-content\/uploads\/2025\/01\/fond-blanc-galerie-crep-1022x1536.png 1022w, https:\/\/ligueauraroller.fr\/CPE\/wp-content\/uploads\/2025\/01\/fond-blanc-galerie-crep.png 1131w\" sizes=\"auto, (max-width: 682px) 100vw, 682px\" \/><\/figure>\n<\/figure>\n\n\n\n<p>Ce groupe est compos\u00e9 des joueurs de la saison pr\u00e9c\u00e9dente, avec l&rsquo;arriv\u00e9e de nouveaux joueurs et gardiens avec une exp\u00e9rience d\u00e9j\u00e0 solide de la comp\u00e9tition et un projet scolaire &amp; sportif ambitieux.<\/p>\n\n\n\n<p>7 nouveaux \u00e0 la rentr\u00e9e de septembre dernier<\/p>\n\n\n\n<p>10 joueurs ont particip\u00e9 au interzone sans compter les f\u00e9minines.<\/p>\n\n\n\n<p>4 sont \u00ab\u00a0s\u00e9lectionn\u00e9s\u00a0\u00bb au prochain stage France. Sarah est en EDF Senior<\/p>\n\n\n\n<p>Certains de 2009 sont trop jeunes\u00a0pour \u00eatre retenu.<\/p>\n\n\n\n<ul class=\"wp-block-list\">\n<li><\/li>\n<\/ul>\n\n\n\n<p>Les nouvelles recrues sont port\u00e9es par l&rsquo;exp\u00e9rience des \u00ab\u00a0anciens\u00a0\u00bb des anciennes promotions. Les nouveaux c\u00e9p\u00e9istes sont entr\u00e9s dans un tout nouvel environnement!<\/p>\n","protected":false},"excerpt":{"rendered":"<p>15 joueurs et 4 gardiens de but Sept nouveaux athl\u00e8tes ont rejoint le collectif du CREP pour la saison 2024-2025 \u00e0 la suite des tests d&rsquo;entr\u00e9e. Pr\u00e9sentation du collectif 2024-2025 du CREP. Ce groupe est compos\u00e9 des joueurs de la saison pr\u00e9c\u00e9dente, avec l&rsquo;arriv\u00e9e de nouveaux joueurs et gardiens avec une exp\u00e9rience d\u00e9j\u00e0 solide de [&hellip;]<\/p>\n","protected":false},"author":1,"featured_media":0,"parent":0,"menu_order":0,"comment_status":"closed","ping_status":"closed","template":"","meta":{"footnotes":""},"class_list":["post-1480","page","type-page","status-publish","hentry"],"_links":{"self":[{"href":"https:\/\/ligueauraroller.fr\/CPE\/wp-json\/wp\/v2\/pages\/1480","targetHints":{"allow":["GET"]}}],"collection":[{"href":"https:\/\/ligueauraroller.fr\/CPE\/wp-json\/wp\/v2\/pages"}],"about":[{"href":"https:\/\/ligueauraroller.fr\/CPE\/wp-json\/wp\/v2\/types\/page"}],"author":[{"embeddable":true,"href":"https:\/\/ligueauraroller.fr\/CPE\/wp-json\/wp\/v2\/users\/1"}],"replies":[{"embeddable":true,"href":"https:\/\/ligueauraroller.fr\/CPE\/wp-json\/wp\/v2\/comments?post=1480"}],"version-history":[{"count":12,"href":"https:\/\/ligueauraroller.fr\/CPE\/wp-json\/wp\/v2\/pages\/1480\/revisions"}],"predecessor-version":[{"id":1525,"href":"https:\/\/ligueauraroller.fr\/CPE\/wp-json\/wp\/v2\/pages\/1480\/revisions\/1525"}],"wp:attachment":[{"href":"https:\/\/ligueauraroller.fr\/CPE\/wp-json\/wp\/v2\/media?parent=1480"}],"curies":[{"name":"wp","href":"https:\/\/api.w.org\/{rel}","templated":true}]}}