{"id":142,"date":"2022-01-09T15:14:20","date_gmt":"2022-01-09T14:14:20","guid":{"rendered":"https:\/\/ligueauraroller.fr\/CPE\/?page_id=142"},"modified":"2023-11-22T12:18:02","modified_gmt":"2023-11-22T11:18:02","slug":"structures-sportives","status":"publish","type":"page","link":"https:\/\/ligueauraroller.fr\/CPE\/structures-sportives\/","title":{"rendered":"Structures sportives"},"content":{"rendered":"\n<figure class=\"wp-block-pullquote\"><blockquote><p><strong>Tout est situ\u00e9 sur le m\u00eame site!<\/strong> <strong>Il suffit de quelques pas pour aller d&rsquo;un \u00e9quipement \u00e0 un autre.<\/strong><\/p><\/blockquote><\/figure>\n\n\n\n<p><\/p>\n\n\n\n<p>Le centre b\u00e9n\u00e9ficie d\u2019infrastructures sportives de qualit\u00e9, qui permettent une planification et une programmation des contenus d\u2019entra\u00eenement tr\u00e8s diversifi\u00e9s.<br>Les installations permettent aux entra\u00eeneurs de couvrir l\u2019ensemble des facteurs du mod\u00e8le de performance en Roller Hockey<\/p>\n\n\n<div class=\"wp-block-image\">\n<figure class=\"aligncenter size-full\"><img loading=\"lazy\" decoding=\"async\" width=\"1024\" height=\"680\" src=\"https:\/\/ligueauraroller.fr\/CPE\/wp-content\/uploads\/2022\/01\/Halle_Hockey_6.jpg\" alt=\"\" class=\"wp-image-134\" srcset=\"https:\/\/ligueauraroller.fr\/CPE\/wp-content\/uploads\/2022\/01\/Halle_Hockey_6.jpg 1024w, https:\/\/ligueauraroller.fr\/CPE\/wp-content\/uploads\/2022\/01\/Halle_Hockey_6-300x199.jpg 300w, https:\/\/ligueauraroller.fr\/CPE\/wp-content\/uploads\/2022\/01\/Halle_Hockey_6-768x510.jpg 768w\" sizes=\"auto, (max-width: 1024px) 100vw, 1024px\" \/><figcaption class=\"wp-element-caption\">Le Stilmat 50*25 de la Halle Kilimandjaro de TSF Voiron est le terrain d\u2019entra\u00eenement des Equipes de France de roller hockey<\/figcaption><\/figure>\n<\/div>\n\n\n<p>Les pensionnaires du CREP disposent de leur propre vestiaire avec leur place nominative.<\/p>\n\n\n<div class=\"wp-block-image\">\n<figure class=\"aligncenter size-large\"><img loading=\"lazy\" decoding=\"async\" width=\"1024\" height=\"682\" src=\"https:\/\/ligueauraroller.fr\/CPE\/wp-content\/uploads\/2022\/01\/10112021-_PAG6551-1024x682.jpg\" alt=\"\" class=\"wp-image-52\" srcset=\"https:\/\/ligueauraroller.fr\/CPE\/wp-content\/uploads\/2022\/01\/10112021-_PAG6551-1024x682.jpg 1024w, https:\/\/ligueauraroller.fr\/CPE\/wp-content\/uploads\/2022\/01\/10112021-_PAG6551-300x200.jpg 300w, https:\/\/ligueauraroller.fr\/CPE\/wp-content\/uploads\/2022\/01\/10112021-_PAG6551-768x511.jpg 768w, https:\/\/ligueauraroller.fr\/CPE\/wp-content\/uploads\/2022\/01\/10112021-_PAG6551-1536x1022.jpg 1536w, https:\/\/ligueauraroller.fr\/CPE\/wp-content\/uploads\/2022\/01\/10112021-_PAG6551-2048x1363.jpg 2048w, https:\/\/ligueauraroller.fr\/CPE\/wp-content\/uploads\/2022\/01\/10112021-_PAG6551-1200x799.jpg 1200w, https:\/\/ligueauraroller.fr\/CPE\/wp-content\/uploads\/2022\/01\/10112021-_PAG6551-1980x1318.jpg 1980w\" sizes=\"auto, (max-width: 1024px) 100vw, 1024px\" \/><figcaption class=\"wp-element-caption\">Le vestiaire du CPE, un espace r\u00e9serv\u00e9 aux athl\u00e8tes du collectif<\/figcaption><\/figure>\n<\/div>\n\n\n<p>Les entra\u00eeneurs disposent d&rsquo;un mat\u00e9riel p\u00e9dagogique sp\u00e9cialis\u00e9 : lance-balle, cellules photo-\u00e9lectriques, Polar Team, HPB, slide-board\u2026 Un assistant coach vient r\u00e9guli\u00e8rement prendre les mesures des performances des athl\u00e8tes pour suivre leur \u00e9volution tout au long de la saison.<\/p>\n\n\n\n<figure class=\"wp-block-gallery aligncenter has-nested-images columns-default is-cropped wp-block-gallery-1 is-layout-flex wp-block-gallery-is-layout-flex\">\n<figure class=\"wp-block-image size-large\"><img loading=\"lazy\" decoding=\"async\" width=\"1024\" height=\"682\" data-id=\"163\" src=\"https:\/\/ligueauraroller.fr\/CPE\/wp-content\/uploads\/2022\/01\/PAG1358-1024x682.jpg\" alt=\"\" class=\"wp-image-163\" srcset=\"https:\/\/ligueauraroller.fr\/CPE\/wp-content\/uploads\/2022\/01\/PAG1358-1024x682.jpg 1024w, https:\/\/ligueauraroller.fr\/CPE\/wp-content\/uploads\/2022\/01\/PAG1358-300x200.jpg 300w, https:\/\/ligueauraroller.fr\/CPE\/wp-content\/uploads\/2022\/01\/PAG1358-768x511.jpg 768w, https:\/\/ligueauraroller.fr\/CPE\/wp-content\/uploads\/2022\/01\/PAG1358-1536x1022.jpg 1536w, https:\/\/ligueauraroller.fr\/CPE\/wp-content\/uploads\/2022\/01\/PAG1358-2048x1363.jpg 2048w, https:\/\/ligueauraroller.fr\/CPE\/wp-content\/uploads\/2022\/01\/PAG1358-1200x799.jpg 1200w, https:\/\/ligueauraroller.fr\/CPE\/wp-content\/uploads\/2022\/01\/PAG1358-1980x1318.jpg 1980w\" sizes=\"auto, (max-width: 1024px) 100vw, 1024px\" \/><\/figure>\n\n\n\n<figure class=\"wp-block-image size-large\"><img loading=\"lazy\" decoding=\"async\" width=\"682\" height=\"1024\" data-id=\"162\" src=\"https:\/\/ligueauraroller.fr\/CPE\/wp-content\/uploads\/2022\/01\/PAG1346-682x1024.jpg\" alt=\"\" class=\"wp-image-162\" srcset=\"https:\/\/ligueauraroller.fr\/CPE\/wp-content\/uploads\/2022\/01\/PAG1346-682x1024.jpg 682w, https:\/\/ligueauraroller.fr\/CPE\/wp-content\/uploads\/2022\/01\/PAG1346-200x300.jpg 200w, https:\/\/ligueauraroller.fr\/CPE\/wp-content\/uploads\/2022\/01\/PAG1346-768x1154.jpg 768w, https:\/\/ligueauraroller.fr\/CPE\/wp-content\/uploads\/2022\/01\/PAG1346-1022x1536.jpg 1022w, https:\/\/ligueauraroller.fr\/CPE\/wp-content\/uploads\/2022\/01\/PAG1346-1363x2048.jpg 1363w, https:\/\/ligueauraroller.fr\/CPE\/wp-content\/uploads\/2022\/01\/PAG1346-1200x1803.jpg 1200w, https:\/\/ligueauraroller.fr\/CPE\/wp-content\/uploads\/2022\/01\/PAG1346-1980x2975.jpg 1980w, https:\/\/ligueauraroller.fr\/CPE\/wp-content\/uploads\/2022\/01\/PAG1346-scaled.jpg 1704w\" sizes=\"auto, (max-width: 682px) 100vw, 682px\" \/><\/figure>\n\n\n\n<figure class=\"wp-block-image size-large\"><img loading=\"lazy\" decoding=\"async\" width=\"677\" height=\"1024\" data-id=\"454\" src=\"https:\/\/ligueauraroller.fr\/CPE\/wp-content\/uploads\/2022\/02\/IMG_5044-677x1024.jpg\" alt=\"\" class=\"wp-image-454\" srcset=\"https:\/\/ligueauraroller.fr\/CPE\/wp-content\/uploads\/2022\/02\/IMG_5044-677x1024.jpg 677w, https:\/\/ligueauraroller.fr\/CPE\/wp-content\/uploads\/2022\/02\/IMG_5044-198x300.jpg 198w, https:\/\/ligueauraroller.fr\/CPE\/wp-content\/uploads\/2022\/02\/IMG_5044.jpg 750w\" sizes=\"auto, (max-width: 677px) 100vw, 677px\" \/><\/figure>\n\n\n\n<figure class=\"wp-block-image size-large\"><img loading=\"lazy\" decoding=\"async\" width=\"768\" height=\"1024\" data-id=\"414\" src=\"https:\/\/ligueauraroller.fr\/CPE\/wp-content\/uploads\/2022\/01\/IMG_4720-1-768x1024.jpg\" alt=\"\" class=\"wp-image-414\" srcset=\"https:\/\/ligueauraroller.fr\/CPE\/wp-content\/uploads\/2022\/01\/IMG_4720-1-768x1024.jpg 768w, https:\/\/ligueauraroller.fr\/CPE\/wp-content\/uploads\/2022\/01\/IMG_4720-1-225x300.jpg 225w, https:\/\/ligueauraroller.fr\/CPE\/wp-content\/uploads\/2022\/01\/IMG_4720-1-1152x1536.jpg 1152w, https:\/\/ligueauraroller.fr\/CPE\/wp-content\/uploads\/2022\/01\/IMG_4720-1-1536x2048.jpg 1536w, https:\/\/ligueauraroller.fr\/CPE\/wp-content\/uploads\/2022\/01\/IMG_4720-1-1200x1600.jpg 1200w, https:\/\/ligueauraroller.fr\/CPE\/wp-content\/uploads\/2022\/01\/IMG_4720-1-1980x2640.jpg 1980w, https:\/\/ligueauraroller.fr\/CPE\/wp-content\/uploads\/2022\/01\/IMG_4720-1-scaled.jpg 1920w\" sizes=\"auto, (max-width: 768px) 100vw, 768px\" \/><\/figure>\n\n\n\n<figure class=\"wp-block-image size-large\"><img loading=\"lazy\" decoding=\"async\" width=\"682\" height=\"1024\" data-id=\"159\" src=\"https:\/\/ligueauraroller.fr\/CPE\/wp-content\/uploads\/2022\/01\/MLange-118-682x1024.jpg\" alt=\"\" class=\"wp-image-159\" srcset=\"https:\/\/ligueauraroller.fr\/CPE\/wp-content\/uploads\/2022\/01\/MLange-118-682x1024.jpg 682w, https:\/\/ligueauraroller.fr\/CPE\/wp-content\/uploads\/2022\/01\/MLange-118-200x300.jpg 200w, https:\/\/ligueauraroller.fr\/CPE\/wp-content\/uploads\/2022\/01\/MLange-118-768x1154.jpg 768w, https:\/\/ligueauraroller.fr\/CPE\/wp-content\/uploads\/2022\/01\/MLange-118-1022x1536.jpg 1022w, https:\/\/ligueauraroller.fr\/CPE\/wp-content\/uploads\/2022\/01\/MLange-118-1363x2048.jpg 1363w, https:\/\/ligueauraroller.fr\/CPE\/wp-content\/uploads\/2022\/01\/MLange-118-1200x1803.jpg 1200w, https:\/\/ligueauraroller.fr\/CPE\/wp-content\/uploads\/2022\/01\/MLange-118-1980x2975.jpg 1980w, https:\/\/ligueauraroller.fr\/CPE\/wp-content\/uploads\/2022\/01\/MLange-118-scaled.jpg 1704w\" sizes=\"auto, (max-width: 682px) 100vw, 682px\" \/><\/figure>\n\n\n\n<figure class=\"wp-block-image size-large\"><img loading=\"lazy\" decoding=\"async\" width=\"1024\" height=\"682\" data-id=\"157\" src=\"https:\/\/ligueauraroller.fr\/CPE\/wp-content\/uploads\/2022\/01\/MLange-28-1024x682.jpg\" alt=\"\" class=\"wp-image-157\" srcset=\"https:\/\/ligueauraroller.fr\/CPE\/wp-content\/uploads\/2022\/01\/MLange-28-1024x682.jpg 1024w, https:\/\/ligueauraroller.fr\/CPE\/wp-content\/uploads\/2022\/01\/MLange-28-300x200.jpg 300w, https:\/\/ligueauraroller.fr\/CPE\/wp-content\/uploads\/2022\/01\/MLange-28-768x511.jpg 768w, https:\/\/ligueauraroller.fr\/CPE\/wp-content\/uploads\/2022\/01\/MLange-28-1536x1022.jpg 1536w, https:\/\/ligueauraroller.fr\/CPE\/wp-content\/uploads\/2022\/01\/MLange-28-2048x1363.jpg 2048w, https:\/\/ligueauraroller.fr\/CPE\/wp-content\/uploads\/2022\/01\/MLange-28-1200x799.jpg 1200w, https:\/\/ligueauraroller.fr\/CPE\/wp-content\/uploads\/2022\/01\/MLange-28-1980x1318.jpg 1980w\" sizes=\"auto, (max-width: 1024px) 100vw, 1024px\" \/><\/figure>\n\n\n\n<figure class=\"wp-block-image size-large\"><img loading=\"lazy\" decoding=\"async\" width=\"682\" height=\"1024\" data-id=\"156\" src=\"https:\/\/ligueauraroller.fr\/CPE\/wp-content\/uploads\/2022\/01\/MLange-21-682x1024.jpg\" alt=\"\" class=\"wp-image-156\" srcset=\"https:\/\/ligueauraroller.fr\/CPE\/wp-content\/uploads\/2022\/01\/MLange-21-682x1024.jpg 682w, https:\/\/ligueauraroller.fr\/CPE\/wp-content\/uploads\/2022\/01\/MLange-21-200x300.jpg 200w, https:\/\/ligueauraroller.fr\/CPE\/wp-content\/uploads\/2022\/01\/MLange-21-768x1154.jpg 768w, https:\/\/ligueauraroller.fr\/CPE\/wp-content\/uploads\/2022\/01\/MLange-21-1022x1536.jpg 1022w, https:\/\/ligueauraroller.fr\/CPE\/wp-content\/uploads\/2022\/01\/MLange-21-1363x2048.jpg 1363w, https:\/\/ligueauraroller.fr\/CPE\/wp-content\/uploads\/2022\/01\/MLange-21-1200x1803.jpg 1200w, https:\/\/ligueauraroller.fr\/CPE\/wp-content\/uploads\/2022\/01\/MLange-21-1980x2975.jpg 1980w, https:\/\/ligueauraroller.fr\/CPE\/wp-content\/uploads\/2022\/01\/MLange-21-scaled.jpg 1704w\" sizes=\"auto, (max-width: 682px) 100vw, 682px\" \/><\/figure>\n\n\n\n<figure class=\"wp-block-image size-large\"><img loading=\"lazy\" decoding=\"async\" width=\"1024\" height=\"682\" data-id=\"158\" src=\"https:\/\/ligueauraroller.fr\/CPE\/wp-content\/uploads\/2022\/01\/MLange-107-1-1024x682.jpg\" alt=\"\" class=\"wp-image-158\" srcset=\"https:\/\/ligueauraroller.fr\/CPE\/wp-content\/uploads\/2022\/01\/MLange-107-1-1024x682.jpg 1024w, https:\/\/ligueauraroller.fr\/CPE\/wp-content\/uploads\/2022\/01\/MLange-107-1-300x200.jpg 300w, https:\/\/ligueauraroller.fr\/CPE\/wp-content\/uploads\/2022\/01\/MLange-107-1-768x511.jpg 768w, https:\/\/ligueauraroller.fr\/CPE\/wp-content\/uploads\/2022\/01\/MLange-107-1-1536x1022.jpg 1536w, https:\/\/ligueauraroller.fr\/CPE\/wp-content\/uploads\/2022\/01\/MLange-107-1-2048x1363.jpg 2048w, https:\/\/ligueauraroller.fr\/CPE\/wp-content\/uploads\/2022\/01\/MLange-107-1-1200x799.jpg 1200w, https:\/\/ligueauraroller.fr\/CPE\/wp-content\/uploads\/2022\/01\/MLange-107-1-1980x1318.jpg 1980w\" sizes=\"auto, (max-width: 1024px) 100vw, 1024px\" \/><\/figure>\n\n\n\n<figure class=\"wp-block-image size-large\"><img loading=\"lazy\" decoding=\"async\" width=\"682\" height=\"1024\" data-id=\"153\" src=\"https:\/\/ligueauraroller.fr\/CPE\/wp-content\/uploads\/2022\/01\/MLange-27-682x1024.jpg\" alt=\"\" class=\"wp-image-153\" srcset=\"https:\/\/ligueauraroller.fr\/CPE\/wp-content\/uploads\/2022\/01\/MLange-27-682x1024.jpg 682w, https:\/\/ligueauraroller.fr\/CPE\/wp-content\/uploads\/2022\/01\/MLange-27-200x300.jpg 200w, https:\/\/ligueauraroller.fr\/CPE\/wp-content\/uploads\/2022\/01\/MLange-27-768x1154.jpg 768w, https:\/\/ligueauraroller.fr\/CPE\/wp-content\/uploads\/2022\/01\/MLange-27-1022x1536.jpg 1022w, https:\/\/ligueauraroller.fr\/CPE\/wp-content\/uploads\/2022\/01\/MLange-27-1363x2048.jpg 1363w, https:\/\/ligueauraroller.fr\/CPE\/wp-content\/uploads\/2022\/01\/MLange-27-1200x1803.jpg 1200w, https:\/\/ligueauraroller.fr\/CPE\/wp-content\/uploads\/2022\/01\/MLange-27-1980x2975.jpg 1980w, https:\/\/ligueauraroller.fr\/CPE\/wp-content\/uploads\/2022\/01\/MLange-27-scaled.jpg 1704w\" sizes=\"auto, (max-width: 682px) 100vw, 682px\" \/><\/figure>\n\n\n\n<figure class=\"wp-block-image size-large\"><img loading=\"lazy\" decoding=\"async\" width=\"1024\" height=\"682\" data-id=\"151\" src=\"https:\/\/ligueauraroller.fr\/CPE\/wp-content\/uploads\/2022\/01\/MLange-14-1024x682.jpg\" alt=\"\" class=\"wp-image-151\" srcset=\"https:\/\/ligueauraroller.fr\/CPE\/wp-content\/uploads\/2022\/01\/MLange-14-1024x682.jpg 1024w, https:\/\/ligueauraroller.fr\/CPE\/wp-content\/uploads\/2022\/01\/MLange-14-300x200.jpg 300w, https:\/\/ligueauraroller.fr\/CPE\/wp-content\/uploads\/2022\/01\/MLange-14-768x511.jpg 768w, https:\/\/ligueauraroller.fr\/CPE\/wp-content\/uploads\/2022\/01\/MLange-14-1536x1022.jpg 1536w, https:\/\/ligueauraroller.fr\/CPE\/wp-content\/uploads\/2022\/01\/MLange-14-2048x1363.jpg 2048w, https:\/\/ligueauraroller.fr\/CPE\/wp-content\/uploads\/2022\/01\/MLange-14-1200x799.jpg 1200w, https:\/\/ligueauraroller.fr\/CPE\/wp-content\/uploads\/2022\/01\/MLange-14-1980x1318.jpg 1980w\" sizes=\"auto, (max-width: 1024px) 100vw, 1024px\" \/><\/figure>\n\n\n\n<figure class=\"wp-block-image size-large\"><img loading=\"lazy\" decoding=\"async\" width=\"1024\" height=\"782\" data-id=\"49\" src=\"https:\/\/ligueauraroller.fr\/CPE\/wp-content\/uploads\/2022\/01\/10112021-_PAG6524-1024x782.jpg\" alt=\"\" class=\"wp-image-49\" srcset=\"https:\/\/ligueauraroller.fr\/CPE\/wp-content\/uploads\/2022\/01\/10112021-_PAG6524-1024x782.jpg 1024w, https:\/\/ligueauraroller.fr\/CPE\/wp-content\/uploads\/2022\/01\/10112021-_PAG6524-300x229.jpg 300w, https:\/\/ligueauraroller.fr\/CPE\/wp-content\/uploads\/2022\/01\/10112021-_PAG6524-768x587.jpg 768w, https:\/\/ligueauraroller.fr\/CPE\/wp-content\/uploads\/2022\/01\/10112021-_PAG6524-1536x1174.jpg 1536w, https:\/\/ligueauraroller.fr\/CPE\/wp-content\/uploads\/2022\/01\/10112021-_PAG6524-2048x1565.jpg 2048w, https:\/\/ligueauraroller.fr\/CPE\/wp-content\/uploads\/2022\/01\/10112021-_PAG6524-1200x917.jpg 1200w, https:\/\/ligueauraroller.fr\/CPE\/wp-content\/uploads\/2022\/01\/10112021-_PAG6524-1980x1513.jpg 1980w\" sizes=\"auto, (max-width: 1024px) 100vw, 1024px\" \/><\/figure>\n\n\n\n<figure class=\"wp-block-image size-large\"><img loading=\"lazy\" decoding=\"async\" width=\"1024\" height=\"768\" data-id=\"410\" src=\"https:\/\/ligueauraroller.fr\/CPE\/wp-content\/uploads\/2022\/01\/IMG_4771-1-1024x768.jpg\" alt=\"\" class=\"wp-image-410\" srcset=\"https:\/\/ligueauraroller.fr\/CPE\/wp-content\/uploads\/2022\/01\/IMG_4771-1-1024x768.jpg 1024w, https:\/\/ligueauraroller.fr\/CPE\/wp-content\/uploads\/2022\/01\/IMG_4771-1-300x225.jpg 300w, https:\/\/ligueauraroller.fr\/CPE\/wp-content\/uploads\/2022\/01\/IMG_4771-1-768x576.jpg 768w, https:\/\/ligueauraroller.fr\/CPE\/wp-content\/uploads\/2022\/01\/IMG_4771-1-1536x1152.jpg 1536w, https:\/\/ligueauraroller.fr\/CPE\/wp-content\/uploads\/2022\/01\/IMG_4771-1-2048x1536.jpg 2048w, https:\/\/ligueauraroller.fr\/CPE\/wp-content\/uploads\/2022\/01\/IMG_4771-1-1200x900.jpg 1200w, https:\/\/ligueauraroller.fr\/CPE\/wp-content\/uploads\/2022\/01\/IMG_4771-1-1980x1485.jpg 1980w\" sizes=\"auto, (max-width: 1024px) 100vw, 1024px\" \/><\/figure>\n<\/figure>\n\n\n\n<p>Les c\u00e9p\u00e9istes utilisent plusieurs espaces d&rsquo;entra\u00eenement hors piste:<br>&#8211; Un espace d\u00e9di\u00e9 au cardio et au d\u00e9veloppement musculaire<br>&#8211; Un espace d\u00e9di\u00e9 \u00e0 la force athl\u00e9tique<br>&#8211; Une piste d\u2019athl\u00e9tisme d\u2019une longueur de 400 m\u00e8tres<\/p>\n\n\n\n<figure class=\"wp-block-gallery aligncenter has-nested-images columns-default is-cropped wp-block-gallery-2 is-layout-flex wp-block-gallery-is-layout-flex\">\n<figure class=\"wp-block-image size-large\"><img loading=\"lazy\" decoding=\"async\" width=\"1024\" height=\"768\" data-id=\"413\" src=\"https:\/\/ligueauraroller.fr\/CPE\/wp-content\/uploads\/2022\/01\/IMG_4869-1-1024x768.jpg\" alt=\"\" class=\"wp-image-413\" srcset=\"https:\/\/ligueauraroller.fr\/CPE\/wp-content\/uploads\/2022\/01\/IMG_4869-1-1024x768.jpg 1024w, https:\/\/ligueauraroller.fr\/CPE\/wp-content\/uploads\/2022\/01\/IMG_4869-1-300x225.jpg 300w, https:\/\/ligueauraroller.fr\/CPE\/wp-content\/uploads\/2022\/01\/IMG_4869-1-768x576.jpg 768w, https:\/\/ligueauraroller.fr\/CPE\/wp-content\/uploads\/2022\/01\/IMG_4869-1-1536x1152.jpg 1536w, https:\/\/ligueauraroller.fr\/CPE\/wp-content\/uploads\/2022\/01\/IMG_4869-1-2048x1536.jpg 2048w, https:\/\/ligueauraroller.fr\/CPE\/wp-content\/uploads\/2022\/01\/IMG_4869-1-1200x900.jpg 1200w, https:\/\/ligueauraroller.fr\/CPE\/wp-content\/uploads\/2022\/01\/IMG_4869-1-1980x1485.jpg 1980w\" sizes=\"auto, (max-width: 1024px) 100vw, 1024px\" \/><\/figure>\n\n\n\n<figure class=\"wp-block-image size-large\"><img loading=\"lazy\" decoding=\"async\" width=\"1024\" height=\"768\" data-id=\"415\" src=\"https:\/\/ligueauraroller.fr\/CPE\/wp-content\/uploads\/2022\/01\/Faust-4-1024x768.jpg\" alt=\"\" class=\"wp-image-415\" srcset=\"https:\/\/ligueauraroller.fr\/CPE\/wp-content\/uploads\/2022\/01\/Faust-4-1024x768.jpg 1024w, https:\/\/ligueauraroller.fr\/CPE\/wp-content\/uploads\/2022\/01\/Faust-4-300x225.jpg 300w, https:\/\/ligueauraroller.fr\/CPE\/wp-content\/uploads\/2022\/01\/Faust-4-768x576.jpg 768w, https:\/\/ligueauraroller.fr\/CPE\/wp-content\/uploads\/2022\/01\/Faust-4-1536x1152.jpg 1536w, https:\/\/ligueauraroller.fr\/CPE\/wp-content\/uploads\/2022\/01\/Faust-4-2048x1536.jpg 2048w, https:\/\/ligueauraroller.fr\/CPE\/wp-content\/uploads\/2022\/01\/Faust-4-1200x900.jpg 1200w, https:\/\/ligueauraroller.fr\/CPE\/wp-content\/uploads\/2022\/01\/Faust-4-1980x1485.jpg 1980w\" sizes=\"auto, (max-width: 1024px) 100vw, 1024px\" \/><\/figure>\n\n\n\n<figure class=\"wp-block-image size-large\"><img loading=\"lazy\" decoding=\"async\" width=\"1024\" height=\"768\" data-id=\"412\" src=\"https:\/\/ligueauraroller.fr\/CPE\/wp-content\/uploads\/2022\/01\/IMG_4853-1-1-1024x768.jpg\" alt=\"\" class=\"wp-image-412\" srcset=\"https:\/\/ligueauraroller.fr\/CPE\/wp-content\/uploads\/2022\/01\/IMG_4853-1-1-1024x768.jpg 1024w, https:\/\/ligueauraroller.fr\/CPE\/wp-content\/uploads\/2022\/01\/IMG_4853-1-1-300x225.jpg 300w, https:\/\/ligueauraroller.fr\/CPE\/wp-content\/uploads\/2022\/01\/IMG_4853-1-1-768x576.jpg 768w, https:\/\/ligueauraroller.fr\/CPE\/wp-content\/uploads\/2022\/01\/IMG_4853-1-1-1536x1152.jpg 1536w, https:\/\/ligueauraroller.fr\/CPE\/wp-content\/uploads\/2022\/01\/IMG_4853-1-1-2048x1536.jpg 2048w, https:\/\/ligueauraroller.fr\/CPE\/wp-content\/uploads\/2022\/01\/IMG_4853-1-1-1200x900.jpg 1200w, https:\/\/ligueauraroller.fr\/CPE\/wp-content\/uploads\/2022\/01\/IMG_4853-1-1-1980x1485.jpg 1980w\" sizes=\"auto, (max-width: 1024px) 100vw, 1024px\" \/><\/figure>\n\n\n\n<figure class=\"wp-block-image size-large\"><img loading=\"lazy\" decoding=\"async\" width=\"1024\" height=\"682\" data-id=\"51\" src=\"https:\/\/ligueauraroller.fr\/CPE\/wp-content\/uploads\/2022\/01\/10112021-_PAG6547-1024x682.jpg\" alt=\"\" class=\"wp-image-51\" srcset=\"https:\/\/ligueauraroller.fr\/CPE\/wp-content\/uploads\/2022\/01\/10112021-_PAG6547-1024x682.jpg 1024w, https:\/\/ligueauraroller.fr\/CPE\/wp-content\/uploads\/2022\/01\/10112021-_PAG6547-300x200.jpg 300w, https:\/\/ligueauraroller.fr\/CPE\/wp-content\/uploads\/2022\/01\/10112021-_PAG6547-768x511.jpg 768w, https:\/\/ligueauraroller.fr\/CPE\/wp-content\/uploads\/2022\/01\/10112021-_PAG6547-1536x1022.jpg 1536w, https:\/\/ligueauraroller.fr\/CPE\/wp-content\/uploads\/2022\/01\/10112021-_PAG6547-2048x1363.jpg 2048w, https:\/\/ligueauraroller.fr\/CPE\/wp-content\/uploads\/2022\/01\/10112021-_PAG6547-1200x799.jpg 1200w, https:\/\/ligueauraroller.fr\/CPE\/wp-content\/uploads\/2022\/01\/10112021-_PAG6547-1980x1318.jpg 1980w\" sizes=\"auto, (max-width: 1024px) 100vw, 1024px\" \/><\/figure>\n\n\n\n<figure class=\"wp-block-image size-large\"><img loading=\"lazy\" decoding=\"async\" width=\"682\" height=\"1024\" data-id=\"50\" src=\"https:\/\/ligueauraroller.fr\/CPE\/wp-content\/uploads\/2022\/01\/10112021-_PAG6529-682x1024.jpg\" alt=\"\" class=\"wp-image-50\" srcset=\"https:\/\/ligueauraroller.fr\/CPE\/wp-content\/uploads\/2022\/01\/10112021-_PAG6529-682x1024.jpg 682w, https:\/\/ligueauraroller.fr\/CPE\/wp-content\/uploads\/2022\/01\/10112021-_PAG6529-200x300.jpg 200w, https:\/\/ligueauraroller.fr\/CPE\/wp-content\/uploads\/2022\/01\/10112021-_PAG6529-768x1154.jpg 768w, https:\/\/ligueauraroller.fr\/CPE\/wp-content\/uploads\/2022\/01\/10112021-_PAG6529-1022x1536.jpg 1022w, https:\/\/ligueauraroller.fr\/CPE\/wp-content\/uploads\/2022\/01\/10112021-_PAG6529-1363x2048.jpg 1363w, https:\/\/ligueauraroller.fr\/CPE\/wp-content\/uploads\/2022\/01\/10112021-_PAG6529-1200x1803.jpg 1200w, https:\/\/ligueauraroller.fr\/CPE\/wp-content\/uploads\/2022\/01\/10112021-_PAG6529-1980x2975.jpg 1980w, https:\/\/ligueauraroller.fr\/CPE\/wp-content\/uploads\/2022\/01\/10112021-_PAG6529-scaled.jpg 1704w\" sizes=\"auto, (max-width: 682px) 100vw, 682px\" \/><\/figure>\n\n\n\n<figure class=\"wp-block-image size-large\"><img loading=\"lazy\" decoding=\"async\" width=\"1024\" height=\"768\" data-id=\"131\" src=\"https:\/\/ligueauraroller.fr\/CPE\/wp-content\/uploads\/2022\/01\/2015-11-05-10.04.53-1024x768.jpg\" alt=\"\" class=\"wp-image-131\" srcset=\"https:\/\/ligueauraroller.fr\/CPE\/wp-content\/uploads\/2022\/01\/2015-11-05-10.04.53-1024x768.jpg 1024w, https:\/\/ligueauraroller.fr\/CPE\/wp-content\/uploads\/2022\/01\/2015-11-05-10.04.53-300x225.jpg 300w, https:\/\/ligueauraroller.fr\/CPE\/wp-content\/uploads\/2022\/01\/2015-11-05-10.04.53-768x576.jpg 768w, https:\/\/ligueauraroller.fr\/CPE\/wp-content\/uploads\/2022\/01\/2015-11-05-10.04.53-1536x1152.jpg 1536w, https:\/\/ligueauraroller.fr\/CPE\/wp-content\/uploads\/2022\/01\/2015-11-05-10.04.53-2048x1536.jpg 2048w, https:\/\/ligueauraroller.fr\/CPE\/wp-content\/uploads\/2022\/01\/2015-11-05-10.04.53-1200x900.jpg 1200w, https:\/\/ligueauraroller.fr\/CPE\/wp-content\/uploads\/2022\/01\/2015-11-05-10.04.53-1980x1485.jpg 1980w\" sizes=\"auto, (max-width: 1024px) 100vw, 1024px\" \/><\/figure>\n\n\n\n<figure class=\"wp-block-image size-large\"><img loading=\"lazy\" decoding=\"async\" width=\"1024\" height=\"680\" data-id=\"124\" src=\"https:\/\/ligueauraroller.fr\/CPE\/wp-content\/uploads\/2022\/01\/DSC2303-1024x680.jpg\" alt=\"\" class=\"wp-image-124\" srcset=\"https:\/\/ligueauraroller.fr\/CPE\/wp-content\/uploads\/2022\/01\/DSC2303-1024x680.jpg 1024w, https:\/\/ligueauraroller.fr\/CPE\/wp-content\/uploads\/2022\/01\/DSC2303-300x199.jpg 300w, https:\/\/ligueauraroller.fr\/CPE\/wp-content\/uploads\/2022\/01\/DSC2303-768x510.jpg 768w, https:\/\/ligueauraroller.fr\/CPE\/wp-content\/uploads\/2022\/01\/DSC2303-1536x1020.jpg 1536w, https:\/\/ligueauraroller.fr\/CPE\/wp-content\/uploads\/2022\/01\/DSC2303-2048x1360.jpg 2048w, https:\/\/ligueauraroller.fr\/CPE\/wp-content\/uploads\/2022\/01\/DSC2303-1200x797.jpg 1200w, https:\/\/ligueauraroller.fr\/CPE\/wp-content\/uploads\/2022\/01\/DSC2303-1980x1315.jpg 1980w\" sizes=\"auto, (max-width: 1024px) 100vw, 1024px\" \/><\/figure>\n<\/figure>\n\n\n<div class=\"wp-block-image\">\n<figure class=\"aligncenter size-large is-resized\"><img decoding=\"async\" src=\"https:\/\/www.tremplinsport.fr\/wp-content\/uploads\/2016\/03\/Athletisme-2-845x635.jpg\" alt=\"\" style=\"width:610px;height:458px\"\/><\/figure>\n<\/div>\n\n\n<p>Et pour varier les sites d&rsquo;entra\u00eenements \u00e0 l&rsquo;ext\u00e9rieur, les pensionnaires du CREP ont acc\u00e8s \u00e0 un terrain de beach-volley, des terrains ext\u00e9rieurs de basket-ball, un parcours de course \u00e0 pied de 2,5km, un parcours d&rsquo;orientation de 40 postes, et 8000 m\u00b2 de terrain d\u00e9di\u00e9 aux grands jeux en ext\u00e9rieur.<\/p>\n","protected":false},"excerpt":{"rendered":"<p>Tout est situ\u00e9 sur le m\u00eame site! Il suffit de quelques pas pour aller d&rsquo;un \u00e9quipement \u00e0 un autre. Le centre b\u00e9n\u00e9ficie d\u2019infrastructures sportives de qualit\u00e9, qui permettent une planification et une programmation des contenus d\u2019entra\u00eenement tr\u00e8s diversifi\u00e9s.Les installations permettent aux entra\u00eeneurs de couvrir l\u2019ensemble des facteurs du mod\u00e8le de performance en Roller Hockey Les [&hellip;]<\/p>\n","protected":false},"author":1,"featured_media":0,"parent":0,"menu_order":0,"comment_status":"closed","ping_status":"closed","template":"templates\/template-full-width.php","meta":{"footnotes":""},"class_list":["post-142","page","type-page","status-publish","hentry"],"_links":{"self":[{"href":"https:\/\/ligueauraroller.fr\/CPE\/wp-json\/wp\/v2\/pages\/142","targetHints":{"allow":["GET"]}}],"collection":[{"href":"https:\/\/ligueauraroller.fr\/CPE\/wp-json\/wp\/v2\/pages"}],"about":[{"href":"https:\/\/ligueauraroller.fr\/CPE\/wp-json\/wp\/v2\/types\/page"}],"author":[{"embeddable":true,"href":"https:\/\/ligueauraroller.fr\/CPE\/wp-json\/wp\/v2\/users\/1"}],"replies":[{"embeddable":true,"href":"https:\/\/ligueauraroller.fr\/CPE\/wp-json\/wp\/v2\/comments?post=142"}],"version-history":[{"count":18,"href":"https:\/\/ligueauraroller.fr\/CPE\/wp-json\/wp\/v2\/pages\/142\/revisions"}],"predecessor-version":[{"id":1331,"href":"https:\/\/ligueauraroller.fr\/CPE\/wp-json\/wp\/v2\/pages\/142\/revisions\/1331"}],"wp:attachment":[{"href":"https:\/\/ligueauraroller.fr\/CPE\/wp-json\/wp\/v2\/media?parent=142"}],"curies":[{"name":"wp","href":"https:\/\/api.w.org\/{rel}","templated":true}]}}