{"id":14,"date":"2021-12-16T17:17:00","date_gmt":"2021-12-16T16:17:00","guid":{"rendered":"https:\/\/ligueauraroller.fr\/CPE\/?page_id=14"},"modified":"2024-01-06T12:50:47","modified_gmt":"2024-01-06T11:50:47","slug":"encadrement","status":"publish","type":"page","link":"https:\/\/ligueauraroller.fr\/CPE\/encadrement\/","title":{"rendered":"Encadrement sportif"},"content":{"rendered":"\n<figure class=\"wp-block-pullquote\"><blockquote><p><mark style=\"background-color:rgba(0, 0, 0, 0);color:#3c315c\" class=\"has-inline-color\"><strong>Des contenus de formation reconnus par le Minist\u00e8re Charg\u00e9 des Sports et la FFRS dans son Parcours de Performance F\u00e9d\u00e9ral (PPF), con\u00e7us par des entra\u00eeneurs de haut niveau avec l&rsquo;exp\u00e9rience des comp\u00e9titions internationales et des Equipes de France.<\/strong><\/mark><br>Le CREP est une <strong>structure officielle <\/strong>permettant aux athl\u00e8tes de valoriser un statut de <strong>sportif au sein d&rsquo;une structure inscrite au PPF<\/strong>, reconnu par leurs \u00e9tablissements scolaires.<\/p><\/blockquote><\/figure>\n\n\n<div class=\"wp-block-image\">\n<figure class=\"aligncenter size-large is-resized\"><img loading=\"lazy\" decoding=\"async\" width=\"1024\" height=\"682\" src=\"https:\/\/ligueauraroller.fr\/CPE\/wp-content\/uploads\/2022\/11\/PAG0448-1024x682.jpg\" alt=\"\" class=\"wp-image-820\" style=\"width:667px;height:444px\" srcset=\"https:\/\/ligueauraroller.fr\/CPE\/wp-content\/uploads\/2022\/11\/PAG0448-1024x682.jpg 1024w, https:\/\/ligueauraroller.fr\/CPE\/wp-content\/uploads\/2022\/11\/PAG0448-300x200.jpg 300w, https:\/\/ligueauraroller.fr\/CPE\/wp-content\/uploads\/2022\/11\/PAG0448-768x511.jpg 768w, https:\/\/ligueauraroller.fr\/CPE\/wp-content\/uploads\/2022\/11\/PAG0448-1536x1022.jpg 1536w, https:\/\/ligueauraroller.fr\/CPE\/wp-content\/uploads\/2022\/11\/PAG0448-2048x1363.jpg 2048w, https:\/\/ligueauraroller.fr\/CPE\/wp-content\/uploads\/2022\/11\/PAG0448-1200x799.jpg 1200w, https:\/\/ligueauraroller.fr\/CPE\/wp-content\/uploads\/2022\/11\/PAG0448-1980x1318.jpg 1980w\" sizes=\"auto, (max-width: 1024px) 100vw, 1024px\" \/><figcaption class=\"wp-element-caption\">Le groupe attentif aux consignes des entra\u00eeneurs, Fabrice Aye et Hugo Rebuffet<\/figcaption><\/figure>\n<\/div>\n\n\n<p class=\"has-normal-font-size\">La coordination du p\u00f4le est sous la responsabilit\u00e9 du Directeur du CREP, Fabrice Aye, \u00e9galement Conseiller Technique de la Ligue AuRa de Roller et Skateboard depuis de nombreuses ann\u00e9es.<br>Il est assist\u00e9 dans ses missions par le Conseiller Technique National au sein de la Direction Technique Nationale de la FFRS, Hugo Rebuffet, \u00e9galement entra\u00eeneur adjoint de l&rsquo;Equipe de France Senior Homme.<\/p>\n\n\n\n<p>L&rsquo;\u00e9quipe d&rsquo;encadrement sportif du CREP a mis en place une formation compl\u00e8te et coh\u00e9rente afin d\u2019accompagner le sportif dans l\u2019expression de son plein potentiel sportif et humain. Les valeurs d\u00e9velopp\u00e9es dans la recherche du haut niveau peuvent s&rsquo;exprimer \u00e0 travers des valeurs humaines fortes.<\/p>\n\n\n\n<p class=\"has-subtle-background-background-color has-text-color has-background has-small-font-size\" style=\"color:#111e4b\"><strong><mark style=\"background-color:rgba(0, 0, 0, 0)\" class=\"has-inline-color has-accent-color\">Fabrice AYE<\/mark><\/strong><br>Directeur du Centre R\u00e9gional d&rsquo;Entra\u00eenement Permanent<br>Conseiller Technique de Ligue<br>S\u00e9lectionneur-Entra\u00eeneur des \u00e9quipes de la Ligue AuRA depuis 2008<br><strong>Dipl\u00f4mes :<\/strong><br>Mast\u00e8res STAPS Pr\u00e9paration physique et Management des \u00e9quipes sportives (Universit\u00e9 de Strasbourg)<br>DESJEPS Option Roller Hockey<br>Dipl\u00f4me Universitaire de Pr\u00e9parateur mental, Intervention et Aide \u00e0 la performance (Universit\u00e9 de Clermont-Ferrand)<\/p>\n\n\n<div class=\"wp-block-image\">\n<figure class=\"aligncenter size-large is-resized\"><img loading=\"lazy\" decoding=\"async\" width=\"1024\" height=\"768\" src=\"https:\/\/ligueauraroller.fr\/CPE\/wp-content\/uploads\/2022\/01\/IMG_4771-1-1024x768.jpg\" alt=\"\" class=\"wp-image-410\" style=\"width:610px;height:457px\" srcset=\"https:\/\/ligueauraroller.fr\/CPE\/wp-content\/uploads\/2022\/01\/IMG_4771-1-1024x768.jpg 1024w, https:\/\/ligueauraroller.fr\/CPE\/wp-content\/uploads\/2022\/01\/IMG_4771-1-300x225.jpg 300w, https:\/\/ligueauraroller.fr\/CPE\/wp-content\/uploads\/2022\/01\/IMG_4771-1-768x576.jpg 768w, https:\/\/ligueauraroller.fr\/CPE\/wp-content\/uploads\/2022\/01\/IMG_4771-1-1536x1152.jpg 1536w, https:\/\/ligueauraroller.fr\/CPE\/wp-content\/uploads\/2022\/01\/IMG_4771-1-2048x1536.jpg 2048w, https:\/\/ligueauraroller.fr\/CPE\/wp-content\/uploads\/2022\/01\/IMG_4771-1-1200x900.jpg 1200w, https:\/\/ligueauraroller.fr\/CPE\/wp-content\/uploads\/2022\/01\/IMG_4771-1-1980x1485.jpg 1980w\" sizes=\"auto, (max-width: 1024px) 100vw, 1024px\" \/><figcaption class=\"wp-element-caption\">Fabrice Aye, Directeur du CPE, ici en entra\u00eenement \u00e0 la halle Kilimandjaro<\/figcaption><\/figure>\n<\/div>\n\n<div class=\"wp-block-image\">\n<figure class=\"aligncenter size-large is-resized\"><img loading=\"lazy\" decoding=\"async\" width=\"1024\" height=\"768\" src=\"https:\/\/ligueauraroller.fr\/CPE\/wp-content\/uploads\/2022\/01\/IMG_4767-4-1024x768.jpg\" alt=\"\" class=\"wp-image-429\" style=\"width:668px;height:500px\" srcset=\"https:\/\/ligueauraroller.fr\/CPE\/wp-content\/uploads\/2022\/01\/IMG_4767-4-1024x768.jpg 1024w, https:\/\/ligueauraroller.fr\/CPE\/wp-content\/uploads\/2022\/01\/IMG_4767-4-300x225.jpg 300w, https:\/\/ligueauraroller.fr\/CPE\/wp-content\/uploads\/2022\/01\/IMG_4767-4-768x576.jpg 768w, https:\/\/ligueauraroller.fr\/CPE\/wp-content\/uploads\/2022\/01\/IMG_4767-4-1536x1152.jpg 1536w, https:\/\/ligueauraroller.fr\/CPE\/wp-content\/uploads\/2022\/01\/IMG_4767-4-2048x1536.jpg 2048w, https:\/\/ligueauraroller.fr\/CPE\/wp-content\/uploads\/2022\/01\/IMG_4767-4-1200x900.jpg 1200w, https:\/\/ligueauraroller.fr\/CPE\/wp-content\/uploads\/2022\/01\/IMG_4767-4-1980x1485.jpg 1980w\" sizes=\"auto, (max-width: 1024px) 100vw, 1024px\" \/><\/figure>\n<\/div>\n\n\n<p class=\"has-subtle-background-background-color has-text-color has-background has-small-font-size\" style=\"color:#111e4b\"><br><strong><mark style=\"background-color:rgba(0, 0, 0, 0)\" class=\"has-inline-color has-accent-color\">Hugo REBUFFET<\/mark><\/strong><br>Conseiller Technique National au sein de la Direction Technique Nationale de la FFRS<br>Entra\u00eeneur adjoint de l\u2019Equipe de France Senior Hommes<br>Entraineur de l&rsquo;\u00e9quipe Elite de Grenoble jusqu&rsquo;en 2022<br>Ancien Gardien de but de l&rsquo;Equipe de France Senior Homme (99 s\u00e9lections)<br><strong>Dipl\u00f4mes : <\/strong><br>Professorat de Sport<br>Licence Entrainement STAPS <br>Analyse vid\u00e9o appliqu\u00e9e aux entra\u00eenements de roller hockey <br><\/p>\n\n\n\n<div class=\"wp-block-columns is-layout-flex wp-container-core-columns-is-layout-9d6595d7 wp-block-columns-is-layout-flex\">\n<div class=\"wp-block-column is-layout-flow wp-block-column-is-layout-flow\" style=\"flex-basis:100%\">\n<div class=\"wp-block-group\"><div class=\"wp-block-group__inner-container is-layout-constrained wp-block-group-is-layout-constrained\">\n<p><\/p>\n\n\n\n<div class=\"wp-block-columns is-layout-flex wp-container-core-columns-is-layout-9d6595d7 wp-block-columns-is-layout-flex\">\n<div class=\"wp-block-column is-layout-flow wp-block-column-is-layout-flow\" style=\"flex-basis:100%\">\n<div class=\"wp-block-columns is-layout-flex wp-container-core-columns-is-layout-9d6595d7 wp-block-columns-is-layout-flex\">\n<div class=\"wp-block-column is-layout-flow wp-block-column-is-layout-flow\" style=\"flex-basis:100%\">\n<figure class=\"wp-block-gallery aligncenter has-nested-images columns-default is-cropped wp-block-gallery-1 is-layout-flex wp-block-gallery-is-layout-flex\">\n<figure class=\"wp-block-image size-large\"><img loading=\"lazy\" decoding=\"async\" width=\"927\" height=\"1024\" data-id=\"697\" src=\"https:\/\/ligueauraroller.fr\/CPE\/wp-content\/uploads\/2022\/09\/fffdf21e-f0f2-482b-b2bc-a73084e6d914-1-927x1024.jpg\" alt=\"Hugo Rebuffet (entra\u00eeneur adjoint Equipe de France Senior Hommes), Santiago Bonneaud (stage Equipe de France U19), Faust Venin (Equipe de France U19)\" class=\"wp-image-697\" srcset=\"https:\/\/ligueauraroller.fr\/CPE\/wp-content\/uploads\/2022\/09\/fffdf21e-f0f2-482b-b2bc-a73084e6d914-1-927x1024.jpg 927w, https:\/\/ligueauraroller.fr\/CPE\/wp-content\/uploads\/2022\/09\/fffdf21e-f0f2-482b-b2bc-a73084e6d914-1-272x300.jpg 272w, https:\/\/ligueauraroller.fr\/CPE\/wp-content\/uploads\/2022\/09\/fffdf21e-f0f2-482b-b2bc-a73084e6d914-1-768x848.jpg 768w, https:\/\/ligueauraroller.fr\/CPE\/wp-content\/uploads\/2022\/09\/fffdf21e-f0f2-482b-b2bc-a73084e6d914-1.jpg 1200w\" sizes=\"auto, (max-width: 927px) 100vw, 927px\" \/><figcaption class=\"wp-element-caption\">Hugo Rebuffet, entra\u00eeneur du CREP et \u00e9galement entra\u00eeneur-adjoint de l&rsquo;Equipe de France Senior Hommes. Ici \u00e0 la sortie du stage de l&rsquo;Equipe de France U19, avec Santiago Bonneaud (au centre) et Faust Venin (\u00e0 droite)<\/figcaption><\/figure>\n\n\n\n<figure class=\"wp-block-image size-large\"><img loading=\"lazy\" decoding=\"async\" width=\"430\" height=\"536\" data-id=\"1159\" src=\"https:\/\/ligueauraroller.fr\/CPE\/wp-content\/uploads\/2023\/07\/Hugo-Rebuffet.jpg\" alt=\"\" class=\"wp-image-1159\" srcset=\"https:\/\/ligueauraroller.fr\/CPE\/wp-content\/uploads\/2023\/07\/Hugo-Rebuffet.jpg 430w, https:\/\/ligueauraroller.fr\/CPE\/wp-content\/uploads\/2023\/07\/Hugo-Rebuffet-241x300.jpg 241w\" sizes=\"auto, (max-width: 430px) 100vw, 430px\" \/><\/figure>\n<\/figure>\n<\/div>\n<\/div>\n<\/div>\n<\/div>\n<\/div><\/div>\n<\/div>\n<\/div>\n\n\n\n<p class=\"has-subtle-background-background-color has-text-color has-background has-small-font-size\" style=\"color:#111e4b\"><strong><span style=\"background-color:rgba(0, 0, 0, 0)\" class=\"has-inline-color has-accent-color\">Ga\u00e9tan MARTINI<\/span><\/strong>, PhD<br>Pr\u00e9parateur Physique des Equipes de France <br>Pr\u00e9parateur Physique du Centre Permanent d&rsquo;Entra\u00eenement et du Centre R\u00e9gional d&rsquo;Entra\u00eenement. Ancien pr\u00e9parateur physique du P\u00f4le France f\u00e9minin de hockey sur glace, de l\u2019\u00e9quipe de France f\u00e9minine de hockey sur glace, et de clubs professionnels \u00e9voluant dans les deux premiers niveaux fran\u00e7ais.\u00a0<br><strong>Dipl\u00f4mes :<\/strong><br>Mast\u00e8re de Pr\u00e9parateur Physique STAPS \u00ab\u00a0Entra\u00eenement sportif sp\u00e9cialit\u00e9 pr\u00e9paration physique\u00a0\u00bb<br>Maitrise de Science de l\u2019activit\u00e9 physique d\u00e9livr\u00e9e par l\u2019Universit\u00e9 du Qu\u00e9bec \u00e0 3-Rivi\u00e8res. Futur doctorant en sciences biom\u00e9dicales \u00e0 l\u2019Universit\u00e9 du Qu\u00e9bec \u00e0 Trois-Rivi\u00e8res.<\/p>\n\n\n\n<p class=\"has-small-font-size\"><\/p>\n\n\n\n<figure class=\"wp-block-gallery aligncenter has-nested-images columns-default is-cropped wp-block-gallery-2 is-layout-flex wp-block-gallery-is-layout-flex\">\n<figure class=\"wp-block-image size-full\"><img loading=\"lazy\" decoding=\"async\" width=\"300\" height=\"300\" data-id=\"1384\" src=\"https:\/\/ligueauraroller.fr\/CPE\/wp-content\/uploads\/2024\/01\/TempsArret_CouvertureEpisode_Ep98_500KB_pq3e9s_300x300.jpg\" alt=\"\" class=\"wp-image-1384\" srcset=\"https:\/\/ligueauraroller.fr\/CPE\/wp-content\/uploads\/2024\/01\/TempsArret_CouvertureEpisode_Ep98_500KB_pq3e9s_300x300.jpg 300w, https:\/\/ligueauraroller.fr\/CPE\/wp-content\/uploads\/2024\/01\/TempsArret_CouvertureEpisode_Ep98_500KB_pq3e9s_300x300-150x150.jpg 150w\" sizes=\"auto, (max-width: 300px) 100vw, 300px\" \/><\/figure>\n\n\n\n<figure class=\"wp-block-image size-full\"><img loading=\"lazy\" decoding=\"async\" width=\"1280\" height=\"720\" data-id=\"1386\" src=\"https:\/\/ligueauraroller.fr\/CPE\/wp-content\/uploads\/2024\/01\/maxresdefault.jpg\" alt=\"\" class=\"wp-image-1386\" srcset=\"https:\/\/ligueauraroller.fr\/CPE\/wp-content\/uploads\/2024\/01\/maxresdefault.jpg 1280w, https:\/\/ligueauraroller.fr\/CPE\/wp-content\/uploads\/2024\/01\/maxresdefault-300x169.jpg 300w, https:\/\/ligueauraroller.fr\/CPE\/wp-content\/uploads\/2024\/01\/maxresdefault-1024x576.jpg 1024w, https:\/\/ligueauraroller.fr\/CPE\/wp-content\/uploads\/2024\/01\/maxresdefault-768x432.jpg 768w, https:\/\/ligueauraroller.fr\/CPE\/wp-content\/uploads\/2024\/01\/maxresdefault-1200x675.jpg 1200w\" sizes=\"auto, (max-width: 1280px) 100vw, 1280px\" \/><\/figure>\n<\/figure>\n\n\n\n<p>Pour \u00e9couter le podcast Temps d&rsquo;Arr\u00eat avec Ga\u00ebtan Martini, sur l\u2019\u00e9valuation des athl\u00e8tes, la s\u00e9lection des athl\u00e8tes, l\u2019int\u00e9gration de la pr\u00e9paration physique en hockey, et l\u2019\u00e9quipe de soutien int\u00e9gr\u00e9e, cliquez <a href=\"https:\/\/tresbonpoint.podbean.com\/e\/98hockey-evaluation-des-athletes-lemetier-depompierla-selection-des-athletesl-integrationde-la-preparation-physique-et-l-equipede-soutien-integreeavec\/\" data-type=\"link\" data-id=\"https:\/\/tresbonpoint.podbean.com\/e\/98hockey-evaluation-des-athletes-lemetier-depompierla-selection-des-athletesl-integrationde-la-preparation-physique-et-l-equipede-soutien-integreeavec\/\">ici<\/a>.<\/p>\n\n\n\n<p class=\"has-subtle-background-background-color has-text-color has-background has-small-font-size\" style=\"color:#111e4b\"><strong><span style=\"background-color:rgba(0, 0, 0, 0)\" class=\"has-inline-color has-accent-color\">Simplice NGANOU <\/span><\/strong><br>Pr\u00e9parateur Physique du CREP, sp\u00e9cialis\u00e9 Musculation. <br><strong>Parcours et<\/strong> <strong>Dipl\u00f4mes :<\/strong><br>Rugbyman professionnel (depuis 2010, ROC Chamb\u00e9ry et Voiron). Coach sportif et pr\u00e9parateur physique professionnel depuis 2013. Institut National Jeunesse et Sports d&rsquo;Abidjan<\/p>\n\n\n\n<div class=\"wp-block-columns is-layout-flex wp-container-core-columns-is-layout-9d6595d7 wp-block-columns-is-layout-flex\">\n<div class=\"wp-block-column is-layout-flow wp-block-column-is-layout-flow\" style=\"flex-basis:100%\">\n<figure class=\"wp-block-gallery has-nested-images columns-default is-cropped wp-block-gallery-3 is-layout-flex wp-block-gallery-is-layout-flex\">\n<figure class=\"wp-block-image size-full\"><img loading=\"lazy\" decoding=\"async\" width=\"600\" height=\"600\" data-id=\"1378\" src=\"https:\/\/ligueauraroller.fr\/CPE\/wp-content\/uploads\/2024\/01\/simplice.jpg\" alt=\"\" class=\"wp-image-1378\" srcset=\"https:\/\/ligueauraroller.fr\/CPE\/wp-content\/uploads\/2024\/01\/simplice.jpg 600w, https:\/\/ligueauraroller.fr\/CPE\/wp-content\/uploads\/2024\/01\/simplice-300x300.jpg 300w, https:\/\/ligueauraroller.fr\/CPE\/wp-content\/uploads\/2024\/01\/simplice-150x150.jpg 150w\" sizes=\"auto, (max-width: 600px) 100vw, 600px\" \/><\/figure>\n\n\n\n<figure class=\"wp-block-image size-full\"><img loading=\"lazy\" decoding=\"async\" width=\"592\" height=\"445\" data-id=\"1381\" src=\"https:\/\/ligueauraroller.fr\/CPE\/wp-content\/uploads\/2024\/01\/simplice-nganou-1.png\" alt=\"\" class=\"wp-image-1381\" srcset=\"https:\/\/ligueauraroller.fr\/CPE\/wp-content\/uploads\/2024\/01\/simplice-nganou-1.png 592w, https:\/\/ligueauraroller.fr\/CPE\/wp-content\/uploads\/2024\/01\/simplice-nganou-1-300x226.png 300w\" sizes=\"auto, (max-width: 592px) 100vw, 592px\" \/><\/figure>\n<\/figure>\n<\/div>\n<\/div>\n","protected":false},"excerpt":{"rendered":"<p>Des contenus de formation reconnus par le Minist\u00e8re Charg\u00e9 des Sports et la FFRS dans son Parcours de Performance F\u00e9d\u00e9ral (PPF), con\u00e7us par des entra\u00eeneurs de haut niveau avec l&rsquo;exp\u00e9rience des comp\u00e9titions internationales et des Equipes de France.Le CREP est une structure officielle permettant aux athl\u00e8tes de valoriser un statut de sportif au sein d&rsquo;une [&hellip;]<\/p>\n","protected":false},"author":1,"featured_media":0,"parent":0,"menu_order":0,"comment_status":"closed","ping_status":"closed","template":"templates\/template-full-width.php","meta":{"footnotes":""},"class_list":["post-14","page","type-page","status-publish","hentry"],"_links":{"self":[{"href":"https:\/\/ligueauraroller.fr\/CPE\/wp-json\/wp\/v2\/pages\/14","targetHints":{"allow":["GET"]}}],"collection":[{"href":"https:\/\/ligueauraroller.fr\/CPE\/wp-json\/wp\/v2\/pages"}],"about":[{"href":"https:\/\/ligueauraroller.fr\/CPE\/wp-json\/wp\/v2\/types\/page"}],"author":[{"embeddable":true,"href":"https:\/\/ligueauraroller.fr\/CPE\/wp-json\/wp\/v2\/users\/1"}],"replies":[{"embeddable":true,"href":"https:\/\/ligueauraroller.fr\/CPE\/wp-json\/wp\/v2\/comments?post=14"}],"version-history":[{"count":52,"href":"https:\/\/ligueauraroller.fr\/CPE\/wp-json\/wp\/v2\/pages\/14\/revisions"}],"predecessor-version":[{"id":1388,"href":"https:\/\/ligueauraroller.fr\/CPE\/wp-json\/wp\/v2\/pages\/14\/revisions\/1388"}],"wp:attachment":[{"href":"https:\/\/ligueauraroller.fr\/CPE\/wp-json\/wp\/v2\/media?parent=14"}],"curies":[{"name":"wp","href":"https:\/\/api.w.org\/{rel}","templated":true}]}}